{"id":1248,"date":"2021-07-27T08:24:15","date_gmt":"2021-07-27T11:24:15","guid":{"rendered":"https:\/\/site.equacaocerta.com.br\/escola\/?page_id=1248"},"modified":"2021-08-05T07:56:24","modified_gmt":"2021-08-05T10:56:24","slug":"judo-e-ballet","status":"publish","type":"page","link":"https:\/\/site.equacaocerta.com.br\/escola\/judo-e-ballet\/","title":{"rendered":"Jud\u00f4 e Ballet"},"content":{"rendered":"<section class=\"l-section wpb_row height_medium\"><div class=\"l-section-h i-cf\"><div class=\"g-cols vc_row type_default valign_top\"><div class=\"vc_col-sm-6 wpb_column vc_column_container\"><div class=\"vc_column-inner\"><div class=\"wpb_wrapper\"><div class=\"w-image align_none\"><div class=\"w-image-h\"><img loading=\"lazy\" decoding=\"async\" width=\"1280\" height=\"1279\" src=\"https:\/\/site.equacaocerta.com.br\/escola\/wp-content\/uploads\/sites\/2\/2021\/07\/judo_e_bale.jpg\" class=\"attachment-full size-full\" alt=\"\" srcset=\"https:\/\/site.equacaocerta.com.br\/escola\/wp-content\/uploads\/sites\/2\/2021\/07\/judo_e_bale.jpg 1280w, https:\/\/site.equacaocerta.com.br\/escola\/wp-content\/uploads\/sites\/2\/2021\/07\/judo_e_bale-300x300.jpg 300w, https:\/\/site.equacaocerta.com.br\/escola\/wp-content\/uploads\/sites\/2\/2021\/07\/judo_e_bale-1024x1024.jpg 1024w, https:\/\/site.equacaocerta.com.br\/escola\/wp-content\/uploads\/sites\/2\/2021\/07\/judo_e_bale-150x150.jpg 150w\" sizes=\"auto, (max-width: 1280px) 100vw, 1280px\" \/><\/div><\/div><\/div><\/div><\/div><div class=\"vc_col-sm-6 wpb_column vc_column_container\"><div class=\"vc_column-inner\"><div class=\"wpb_wrapper\"><div class=\"wpb_text_column\" ><div class=\"wpb_wrapper\"><h2>Informa\u00e7\u00f5es<\/h2>\n<\/div><\/div><div class=\"w-separator size_small\"><\/div><div class=\"wpb_text_column\" ><div class=\"wpb_wrapper\"><p>Turmas de atividades extracurriculares, para alunos do Infantil &#8211; 4 ao 5\u00b0 ano do Ensino Fundamental Anos Iniciais &#8211; , com o intuito de despertar a criatividade e o talento nos estudantes, bem como melhorar seu desempenho em sala de aula.<\/p>\n<p>Atividades:<br \/>\n&#8211; Ballet<br \/>\n&#8211; Jud\u00f4<\/p>\n<p><strong>Hor\u00e1rios:<\/strong><\/p>\n<p><strong>Turno Manh\u00e3<\/strong><br \/>\n&#8211; Quinta-feira:<br \/>\n1\u00b0 e 2\u00b0 ano &#8211; 12h10 \u00e0s 13h.<br \/>\n&#8211; Sexta-feira:<br \/>\nInfantil 4 e 5 &#8211; 11h30 \u00e0s 12h10.<br \/>\n&#8211; Sexta-feira:<br \/>\n3\u00b0, 4\u00b0 e 5\u00b0 ano &#8211; 12h10 \u00e0s 13h.<\/p>\n<p><strong>Turno Tarde<\/strong><br \/>\n&#8211; Quinta-feira:<br \/>\n1\u00b0 e 2\u00b0 ano &#8211; 18h10 \u00e0s 19h10.<br \/>\n&#8211; Sexta-feira:<br \/>\nInfantil 4 e 5 &#8211; 17h30 \u00e0s 18h10.<br \/>\n&#8211; Sexta-feira:<br \/>\n3\u00b0, 4\u00b0 e 5\u00b0 ano &#8211; 18h10 \u00e0s 19h10.<\/p>\n<p><strong>Dura\u00e7\u00e3o:<\/strong><br \/>\n&#8211; 5 meses (Agosto a dezembro) &#8211; Datas pass\u00edveis de altera\u00e7\u00e3o.<\/p>\n<\/div><\/div><div class=\"w-separator size_medium\"><\/div><div id=\"modal-trg-txt-wrap-3842\" class=\"ult-modal-input-wrapper ult-adjust-bottom-margin    \"  ><style>\r\n\t\t\t\t\t.btn-modal.btn-id-69e72fc3b29aa3-56007125:hover {\r\n\t\t\t\t\t\tbackground-color: #005a9a !important;\r\n\t\t\t\t\t}\r\n\t\t\t\t\t<\/style><button  data-ultimate-target='#modal-trg-txt-wrap-3842 .btn-modal'  data-responsive-json-new='{\"font-size\":\"\",\"line-height\":\"\"}'  style=\"background:#005a9a;border-color:#005a9a;color:#ffffff; \" data-class-id=\"content-69e72fc3b29aa3-56007125\" class=\"btn-modal ult-responsive btn-primary btn-modal-block overlay-show ult-align-center btn-id-69e72fc3b29aa3-56007125\" data-overlay-class=\"overlay-cornerbottomleft\">CLIQUE E FA\u00c7A SUA INSCRI\u00c7\u00c3O<\/button><\/div>\n<div class=\"ult-overlay content-69e72fc3b29aa3-56007125 \" data-class=\"content-69e72fc3b29aa3-56007125\" id=\"button-click-overlay\" style=\"background:rgba(0,90,154,0.8); display:none;\">\n\t<div class=\"ult_modal ult-fade ult-block\">\n\t\t<div id=\"ult-modal-wrap-5785\" class=\"ult_modal-content ult-hide\" style=\"border-style:solid;border-width:2px;border-radius:0px;border-color:#333333;\">\n\t\t\t<div class=\"ult_modal-header\" style=\"color:#333333;border-color:#333333;\">\n\t\t\t\t<h3  data-ultimate-target='#ult-modal-wrap-5785 .ult_modal-title'  data-responsive-json-new='{\"font-size\":\"\",\"line-height\":\"\"}'  class=\"ult_modal-title ult-responsive\">INSCRI\u00c7\u00d5ES JUD\u00d4 E BALLET<\/h3>\n\t\t\t<\/div>\n\t\t\t<div  data-ultimate-target='#ult-modal-wrap-5785 .ult_modal-body'  data-responsive-json-new='{\"font-size\":\"\",\"line-height\":\"\"}'  class=\"ult_modal-body ult-responsive ult-html\" style=\"\">\n\t\t\t<div class=\"frm_forms  with_frm_style frm_style_formidable-style\" id=\"frm_form_2_container\" >\n<form enctype=\"multipart\/form-data\" method=\"post\" class=\"frm-show-form  frm_ajax_submit  frm_pro_form  frm_ajax_submit \" id=\"form_contact-form960ac82891\" >\n<div class=\"frm_form_fields \">\n<fieldset>\n<legend class=\"frm_screen_reader\">Jud\u00f4 e Ballet<\/legend>\r\n\r\n<div class=\"frm_fields_container\">\n<input type=\"hidden\" name=\"frm_action\" value=\"create\" \/>\n<input type=\"hidden\" name=\"form_id\" value=\"2\" \/>\n<input type=\"hidden\" name=\"frm_hide_fields_2\" id=\"frm_hide_fields_2\" value=\"\" \/>\n<input type=\"hidden\" name=\"form_key\" value=\"contact-form960ac82891\" \/>\n<input type=\"hidden\" name=\"item_meta[0]\" value=\"\" \/>\n<input type=\"hidden\" id=\"frm_submit_entry_2\" name=\"frm_submit_entry_2\" value=\"2054caa872\" \/><input type=\"hidden\" name=\"_wp_http_referer\" value=\"\/escola\/wp-json\/wp\/v2\/pages\/1248\" \/><div id=\"frm_field_22_container\" class=\"frm_form_field form-field  frm_required_field frm_top_container\">\r\n    <label for=\"field_qh4icy235541bdce\" id=\"field_qh4icy235541bdce_label\" class=\"frm_primary_label\">Nome do respons\u00e1vel\r\n        <span class=\"frm_required\">*<\/span>\r\n    <\/label>\r\n    <input type=\"text\" id=\"field_qh4icy235541bdce\" name=\"item_meta[22]\" value=\"\"  data-reqmsg=\"Nome do respons\u00e1vel cannot be blank.\" aria-required=\"true\" data-invmsg=\"Name is invalid\" aria-invalid=\"false\"  \/>\r\n    \r\n    \r\n<\/div>\n<div id=\"frm_field_23_container\" class=\"frm_form_field form-field  frm_required_field frm_top_container\">\r\n    <label for=\"field_r7swrede7e4176b\" id=\"field_r7swrede7e4176b_label\" class=\"frm_primary_label\">Endere\u00e7o\r\n        <span class=\"frm_required\">*<\/span>\r\n    <\/label>\r\n    <input type=\"text\" id=\"field_r7swrede7e4176b\" name=\"item_meta[23]\" value=\"\"  data-reqmsg=\"Endere\u00e7o cannot be blank.\" aria-required=\"true\" data-invmsg=\"Text is invalid\" aria-invalid=\"false\"  \/>\r\n    \r\n    \r\n<\/div>\n<div id=\"frm_field_24_container\" class=\"frm_form_field form-field  frm_required_field frm_top_container\">\r\n    <label for=\"field_6vak79d8469ff7c\" id=\"field_6vak79d8469ff7c_label\" class=\"frm_primary_label\">Whatsapp\r\n        <span class=\"frm_required\">*<\/span>\r\n    <\/label>\r\n    <input type=\"tel\" id=\"field_6vak79d8469ff7c\" name=\"item_meta[24]\" value=\"\"  data-reqmsg=\"O Whatsapp n\u00e3o pode ficar em branco.\" aria-required=\"true\" data-invmsg=\"Phone is invalid\" aria-invalid=\"false\" pattern=\"((\\+\\d{1,3}(-|.| )?\\(?\\d\\)?(-| |.)?\\d{1,5})|(\\(?\\d{2,6}\\)?))(-|.| )?(\\d{3,4})(-|.| )?(\\d{4})(( x| ext)\\d{1,5}){0,1}$\"  \/>\r\n    \r\n    \r\n<\/div>\n<div id=\"frm_field_25_container\" class=\"frm_form_field form-field  frm_required_field frm_top_container\">\r\n    <label for=\"field_dngua4dcbd64218\" id=\"field_dngua4dcbd64218_label\" class=\"frm_primary_label\">Email\r\n        <span class=\"frm_required\">*<\/span>\r\n    <\/label>\r\n    <input type=\"email\" id=\"field_dngua4dcbd64218\" name=\"item_meta[25]\" value=\"\"  data-reqmsg=\"O Email n\u00e3o pode ficar em branco.\" aria-required=\"true\" data-invmsg=\"Email is invalid\" aria-invalid=\"false\"  \/>\r\n    \r\n    \r\n<\/div>\n<div id=\"frm_field_26_container\" class=\"frm_form_field form-field  frm_required_field frm_top_container\">\r\n    <label for=\"field_8o2q93e8b7c4b1e\" id=\"field_8o2q93e8b7c4b1e_label\" class=\"frm_primary_label\">RG, \u00f3rg\u00e3o expedidor, UF (Respons\u00e1vel)\r\n        <span class=\"frm_required\">*<\/span>\r\n    <\/label>\r\n    <input type=\"text\" id=\"field_8o2q93e8b7c4b1e\" name=\"item_meta[26]\" value=\"\"  data-reqmsg=\"RG, \u00f3rg\u00e3o expedidor, UF (Respons\u00e1vel) cannot be blank.\" aria-required=\"true\" data-invmsg=\"Text is invalid\" aria-invalid=\"false\"  \/>\r\n    \r\n    \r\n<\/div>\n<div id=\"frm_field_27_container\" class=\"frm_form_field form-field  frm_required_field frm_top_container\">\r\n    <label for=\"field_zj3an41e37f171e\" id=\"field_zj3an41e37f171e_label\" class=\"frm_primary_label\">Nome da crian\u00e7a\r\n        <span class=\"frm_required\">*<\/span>\r\n    <\/label>\r\n    <input type=\"text\" id=\"field_zj3an41e37f171e\" name=\"item_meta[27]\" value=\"\"  data-reqmsg=\"O Nome da crian\u00e7a n\u00e3o pode ficar em branco.\" aria-required=\"true\" data-invmsg=\"Text is invalid\" aria-invalid=\"false\"  \/>\r\n    \r\n    \r\n<\/div>\n<div id=\"frm_field_28_container\" class=\"frm_form_field frm_section_heading form-field \">\r\n<h3 class=\"frm_pos_top frm_section_spacing\">TURNO MANH\u00c3<\/h3>\r\n\r\n\r\n<div id=\"frm_field_29_container\" class=\"frm_form_field form-field  frm_top_container vertical_radio\">\r\n    <div  id=\"field_qrafz56515a1c10_label\" class=\"frm_primary_label\">BAL\u00c9\r\n        <span class=\"frm_required\"><\/span>\r\n    <\/div>\r\n    <div class=\"frm_opt_container\" aria-labelledby=\"field_qrafz56515a1c10_label\" role=\"group\">\t\t<div class=\"frm_checkbox\" id=\"frm_checkbox_29-28-0\">\t\t\t<label  for=\"field_qrafz56515a1c10-0\">\n\t\t\t<input type=\"checkbox\" name=\"item_meta[29][]\" id=\"field_qrafz56515a1c10-0\" value=\"Quinta-feira: 1\u00b0 e 2\u00b0 ano - 12h10 \u00e0s 13h\"  data-sectionid=\"28\" data-invmsg=\"BAL\u00c9 \u00e9 inv\u00e1lido\"   \/> Quinta-feira: 1\u00b0 e 2\u00b0 ano - 12h10 \u00e0s 13h<\/label><\/div>\n\t\t<div class=\"frm_checkbox\" id=\"frm_checkbox_29-28-1\">\t\t\t<label  for=\"field_qrafz56515a1c10-1\">\n\t\t\t<input type=\"checkbox\" name=\"item_meta[29][]\" id=\"field_qrafz56515a1c10-1\" value=\"Sexta-feira: infantil 4 e 5 - 11h30 \u00e0s 12h10\"  data-sectionid=\"28\" data-invmsg=\"BAL\u00c9 \u00e9 inv\u00e1lido\"   \/> Sexta-feira: infantil 4 e 5 - 11h30 \u00e0s 12h10<\/label><\/div>\n\t\t<div class=\"frm_checkbox\" id=\"frm_checkbox_29-28-2\">\t\t\t<label  for=\"field_qrafz56515a1c10-2\">\n\t\t\t<input type=\"checkbox\" name=\"item_meta[29][]\" id=\"field_qrafz56515a1c10-2\" value=\"Sexta-feira: 3\u00b0, 4\u00b0 e 5\u00b0 ano - 12h10 \u00e0s 13h\"  data-sectionid=\"28\" data-invmsg=\"BAL\u00c9 \u00e9 inv\u00e1lido\"   \/> Sexta-feira: 3\u00b0, 4\u00b0 e 5\u00b0 ano - 12h10 \u00e0s 13h<\/label><\/div>\n<\/div>\r\n    \r\n    \r\n<\/div>\n<div id=\"frm_field_36_container\" class=\"frm_form_field form-field  frm_top_container vertical_radio\">\r\n    <div  id=\"field_qtzxt_label\" class=\"frm_primary_label\">JUD\u00d4\r\n        <span class=\"frm_required\"><\/span>\r\n    <\/div>\r\n    <div class=\"frm_opt_container\" aria-labelledby=\"field_qtzxt_label\" role=\"group\">\t\t<div class=\"frm_checkbox\" id=\"frm_checkbox_36-28-0\">\t\t\t<label  for=\"field_qtzxt-0\">\n\t\t\t<input type=\"checkbox\" name=\"item_meta[36][]\" id=\"field_qtzxt-0\" value=\"Quinta-feira: 1\u00b0 e 2\u00b0 ano - 12h10 \u00e0s 13h\"  data-sectionid=\"28\" data-invmsg=\"JUD\u00d4 \u00e9 inv\u00e1lido\"   \/> Quinta-feira: 1\u00b0 e 2\u00b0 ano - 12h10 \u00e0s 13h<\/label><\/div>\n\t\t<div class=\"frm_checkbox\" id=\"frm_checkbox_36-28-1\">\t\t\t<label  for=\"field_qtzxt-1\">\n\t\t\t<input type=\"checkbox\" name=\"item_meta[36][]\" id=\"field_qtzxt-1\" value=\"Sexta-feira: infantil 4 e 5 - 11h30 \u00e0s 12h10\"  data-sectionid=\"28\" data-invmsg=\"JUD\u00d4 \u00e9 inv\u00e1lido\"   \/> Sexta-feira: infantil 4 e 5 - 11h30 \u00e0s 12h10<\/label><\/div>\n\t\t<div class=\"frm_checkbox\" id=\"frm_checkbox_36-28-2\">\t\t\t<label  for=\"field_qtzxt-2\">\n\t\t\t<input type=\"checkbox\" name=\"item_meta[36][]\" id=\"field_qtzxt-2\" value=\"Sexta-feira: 3\u00b0, 4\u00b0 e 5\u00b0 ano - 12h10 \u00e0s 13h\"  data-sectionid=\"28\" data-invmsg=\"JUD\u00d4 \u00e9 inv\u00e1lido\"   \/> Sexta-feira: 3\u00b0, 4\u00b0 e 5\u00b0 ano - 12h10 \u00e0s 13h<\/label><\/div>\n<\/div>\r\n    \r\n    \r\n<\/div>\n<\/div>\n<div id=\"frm_field_32_container\" class=\"frm_form_field frm_section_heading form-field \">\r\n<h3 class=\"frm_pos_top frm_section_spacing\">TURNO TARDE<\/h3>\r\n\r\n\r\n<div id=\"frm_field_34_container\" class=\"frm_form_field form-field  frm_top_container vertical_radio\">\r\n    <div  id=\"field_nnkpf_label\" class=\"frm_primary_label\">BAL\u00c9\r\n        <span class=\"frm_required\"><\/span>\r\n    <\/div>\r\n    <div class=\"frm_opt_container\" aria-labelledby=\"field_nnkpf_label\" role=\"group\">\t\t<div class=\"frm_checkbox\" id=\"frm_checkbox_34-32-0\">\t\t\t<label  for=\"field_nnkpf-0\">\n\t\t\t<input type=\"checkbox\" name=\"item_meta[34][]\" id=\"field_nnkpf-0\" value=\"Quinta-feira: 1\u00b0 e 2\u00b0 ano - 18h10 \u00e0s 19h10\"  data-sectionid=\"32\" data-invmsg=\"BAL\u00c9 \u00e9 inv\u00e1lido\"   \/> Quinta-feira: 1\u00b0 e 2\u00b0 ano - 18h10 \u00e0s 19h10<\/label><\/div>\n\t\t<div class=\"frm_checkbox\" id=\"frm_checkbox_34-32-1\">\t\t\t<label  for=\"field_nnkpf-1\">\n\t\t\t<input type=\"checkbox\" name=\"item_meta[34][]\" id=\"field_nnkpf-1\" value=\"Sexta-feira: infantil 4 e 5 - 17h30 \u00e0s 18h10\"  data-sectionid=\"32\" data-invmsg=\"BAL\u00c9 \u00e9 inv\u00e1lido\"   \/> Sexta-feira: infantil 4 e 5 - 17h30 \u00e0s 18h10<\/label><\/div>\n\t\t<div class=\"frm_checkbox\" id=\"frm_checkbox_34-32-2\">\t\t\t<label  for=\"field_nnkpf-2\">\n\t\t\t<input type=\"checkbox\" name=\"item_meta[34][]\" id=\"field_nnkpf-2\" value=\"Sexta-feira: 3\u00b0, 4\u00b0 e 5\u00b0 ano - 18h10 \u00e0s 19h10\"  data-sectionid=\"32\" data-invmsg=\"BAL\u00c9 \u00e9 inv\u00e1lido\"   \/> Sexta-feira: 3\u00b0, 4\u00b0 e 5\u00b0 ano - 18h10 \u00e0s 19h10<\/label><\/div>\n<\/div>\r\n    \r\n    \r\n<\/div>\n<div id=\"frm_field_37_container\" class=\"frm_form_field form-field  frm_top_container vertical_radio\">\r\n    <div  id=\"field_v79zx_label\" class=\"frm_primary_label\">JUD\u00d4\r\n        <span class=\"frm_required\"><\/span>\r\n    <\/div>\r\n    <div class=\"frm_opt_container\" aria-labelledby=\"field_v79zx_label\" role=\"group\">\t\t<div class=\"frm_checkbox\" id=\"frm_checkbox_37-32-0\">\t\t\t<label  for=\"field_v79zx-0\">\n\t\t\t<input type=\"checkbox\" name=\"item_meta[37][]\" id=\"field_v79zx-0\" value=\"Quinta-feira: 1\u00b0 e 2\u00b0 ano - 18h10 \u00e0s 19h10\"  data-sectionid=\"32\" data-invmsg=\"JUD\u00d4 \u00e9 inv\u00e1lido\"   \/> Quinta-feira: 1\u00b0 e 2\u00b0 ano - 18h10 \u00e0s 19h10<\/label><\/div>\n\t\t<div class=\"frm_checkbox\" id=\"frm_checkbox_37-32-1\">\t\t\t<label  for=\"field_v79zx-1\">\n\t\t\t<input type=\"checkbox\" name=\"item_meta[37][]\" id=\"field_v79zx-1\" value=\"Sexta-feira: infantil 4 e 5 - 17h30 \u00e0s 18h10\"  data-sectionid=\"32\" data-invmsg=\"JUD\u00d4 \u00e9 inv\u00e1lido\"   \/> Sexta-feira: infantil 4 e 5 - 17h30 \u00e0s 18h10<\/label><\/div>\n\t\t<div class=\"frm_checkbox\" id=\"frm_checkbox_37-32-2\">\t\t\t<label  for=\"field_v79zx-2\">\n\t\t\t<input type=\"checkbox\" name=\"item_meta[37][]\" id=\"field_v79zx-2\" value=\"Sexta-feira: 3\u00b0, 4\u00b0 e 5\u00b0 ano - 18h10 \u00e0s 19h10\"  data-sectionid=\"32\" data-invmsg=\"JUD\u00d4 \u00e9 inv\u00e1lido\"   \/> Sexta-feira: 3\u00b0, 4\u00b0 e 5\u00b0 ano - 18h10 \u00e0s 19h10<\/label><\/div>\n<\/div>\r\n    \r\n    \r\n<\/div>\n<\/div>\n\t<input type=\"hidden\" name=\"item_key\" value=\"\" \/>\n\t\t\t<div id=\"frm_field_77_container\">\n\t\t\t<label for=\"field_7yfyo\" >\n\t\t\t\tSe voc\u00ea \u00e9 humano, deixe este campo em branco.\t\t\t<\/label>\n\t\t\t<input  id=\"field_7yfyo\" type=\"text\" class=\"frm_form_field form-field frm_verify\" name=\"item_meta[77]\" value=\"\"  \/>\n\t\t<\/div>\n\t\t<input name=\"frm_state\" type=\"hidden\" value=\"gSOodNIFexyPasmw\/MHbFR5bQNKj2Cs1LsNBOS\/35wk=\" \/><div class=\"frm_submit\">\r\n\r\n<button class=\"frm_button_submit frm_final_submit\" type=\"submit\"  >FAZER INSCRI\u00c7\u00c3O AGORA<\/button>\r\n\r\n<\/div><\/div>\n<\/fieldset>\n<\/div>\n\n<p style=\"display: none !important;\" class=\"akismet-fields-container\" data-prefix=\"ak_\"><label>&#916;<textarea name=\"ak_hp_textarea\" cols=\"45\" rows=\"8\" maxlength=\"100\"><\/textarea><\/label><input type=\"hidden\" id=\"ak_js_1\" name=\"ak_js\" value=\"147\"\/><script>document.getElementById( \"ak_js_1\" ).setAttribute( \"value\", ( new Date() ).getTime() );<\/script><\/p><\/form>\n<\/div>\n\n\t\t\t<\/div>\n\t<\/div>\n\t<\/div>\n\t<div class=\"ult-overlay-close top-right\" style=\"width:30px;height:30px; \"><div class=\"ult-overlay-close-inside\">Close<\/div><\/div>\n<\/div><\/div><\/div><\/div><\/div><\/div><\/section>\n","protected":false},"excerpt":{"rendered":"Informa\u00e7\u00f5es Turmas de atividades extracurriculares, para alunos do Infantil &#8211; 4 ao 5\u00b0 ano do Ensino Fundamental Anos Iniciais &#8211; , com o intuito de despertar a criatividade e o talento nos estudantes, bem como melhorar seu desempenho em sala de aula. Atividades: &#8211; Ballet &#8211; Jud\u00f4 Hor\u00e1rios: Turno Manh\u00e3 &#8211; Quinta-feira: 1\u00b0 e 2\u00b0...","protected":false},"author":1,"featured_media":1249,"parent":0,"menu_order":0,"comment_status":"closed","ping_status":"closed","template":"","meta":{"footnotes":""},"class_list":["post-1248","page","type-page","status-publish","has-post-thumbnail","hentry"],"_links":{"self":[{"href":"https:\/\/site.equacaocerta.com.br\/escola\/wp-json\/wp\/v2\/pages\/1248","targetHints":{"allow":["GET"]}}],"collection":[{"href":"https:\/\/site.equacaocerta.com.br\/escola\/wp-json\/wp\/v2\/pages"}],"about":[{"href":"https:\/\/site.equacaocerta.com.br\/escola\/wp-json\/wp\/v2\/types\/page"}],"author":[{"embeddable":true,"href":"https:\/\/site.equacaocerta.com.br\/escola\/wp-json\/wp\/v2\/users\/1"}],"replies":[{"embeddable":true,"href":"https:\/\/site.equacaocerta.com.br\/escola\/wp-json\/wp\/v2\/comments?post=1248"}],"version-history":[{"count":17,"href":"https:\/\/site.equacaocerta.com.br\/escola\/wp-json\/wp\/v2\/pages\/1248\/revisions"}],"predecessor-version":[{"id":1289,"href":"https:\/\/site.equacaocerta.com.br\/escola\/wp-json\/wp\/v2\/pages\/1248\/revisions\/1289"}],"wp:featuredmedia":[{"embeddable":true,"href":"https:\/\/site.equacaocerta.com.br\/escola\/wp-json\/wp\/v2\/media\/1249"}],"wp:attachment":[{"href":"https:\/\/site.equacaocerta.com.br\/escola\/wp-json\/wp\/v2\/media?parent=1248"}],"curies":[{"name":"wp","href":"https:\/\/api.w.org\/{rel}","templated":true}]}}