{"id":1264,"date":"2021-08-04T09:11:10","date_gmt":"2021-08-04T12:11:10","guid":{"rendered":"https:\/\/site.equacaocerta.com.br\/escola\/?page_id=1264"},"modified":"2021-08-05T07:56:12","modified_gmt":"2021-08-05T10:56:12","slug":"meu-pai-e-eu","status":"publish","type":"page","link":"https:\/\/site.equacaocerta.com.br\/escola\/meu-pai-e-eu\/","title":{"rendered":"Meu Pai e Eu."},"content":{"rendered":"<section class=\"l-section wpb_row height_medium\"><div class=\"l-section-h i-cf\"><div class=\"g-cols vc_row type_default valign_top\"><div class=\"vc_col-sm-6 wpb_column vc_column_container\"><div class=\"vc_column-inner\"><div class=\"wpb_wrapper\"><div class=\"w-image align_none\"><div class=\"w-image-h\"><img loading=\"lazy\" decoding=\"async\" width=\"1280\" height=\"1279\" src=\"https:\/\/site.equacaocerta.com.br\/escola\/wp-content\/uploads\/sites\/2\/2021\/08\/judo_e_bale.png\" class=\"attachment-full size-full\" alt=\"\" srcset=\"https:\/\/site.equacaocerta.com.br\/escola\/wp-content\/uploads\/sites\/2\/2021\/08\/judo_e_bale.png 1280w, https:\/\/site.equacaocerta.com.br\/escola\/wp-content\/uploads\/sites\/2\/2021\/08\/judo_e_bale-300x300.png 300w, https:\/\/site.equacaocerta.com.br\/escola\/wp-content\/uploads\/sites\/2\/2021\/08\/judo_e_bale-1024x1024.png 1024w, https:\/\/site.equacaocerta.com.br\/escola\/wp-content\/uploads\/sites\/2\/2021\/08\/judo_e_bale-150x150.png 150w\" sizes=\"auto, (max-width: 1280px) 100vw, 1280px\" \/><\/div><\/div><\/div><\/div><\/div><div class=\"vc_col-sm-6 wpb_column vc_column_container\"><div class=\"vc_column-inner\"><div class=\"wpb_wrapper\"><div class=\"wpb_text_column\" ><div class=\"wpb_wrapper\"><p><strong>Meu Pai e Eu.<\/strong><br \/>\n<strong>\u201cVivendo Aventuras, Colecionando Mem\u00f3rias\u201d.<\/strong><\/p>\n<p>Car\u00edssimos Pais e\/ou Respons\u00e1veis,<\/p>\n<p>No Col\u00e9gio Equa\u00e7\u00e3o Certa o m\u00eas de agosto chegou cheio de novidades e aventuras, sobretudo, porque logo no in\u00edcio, temos os olhares voltados para aquele que representa fortaleza, seguran\u00e7a, brincadeiras e apoio incondicional.<\/p>\n<p>Por isso, a Fam\u00edlia Equa\u00e7\u00e3o Certa tem a alegria de convid\u00e1-los para o nosso t\u00e3o aguardado Dia dos Pais. Estamos preparando um dia inesquec\u00edvel com muitas aventuras entre pai e filho.<\/p>\n<p><strong>Informa\u00e7\u00f5es sobre a atividade:<\/strong><\/p>\n<p><strong>Dia 22\/08 (domingo)<\/strong><br \/>\nPedalada Certa: passeio cicl\u00edstico e caminhada \u201cPai &amp; Filho\u201d, no hor\u00e1rio de 7h30 \u00e0s 9h.<\/p>\n<p><strong>Roteiro:<\/strong> concentra\u00e7\u00e3o e alongamento na Unidade Ininga: sa\u00edda contornando o Shopping Riverside, rumo \u00e0 Avenida Raul Lopes. Parada breve na Ponte Estaiada (ponto de apoio com \u00e1gua e lanche), com retorno \u00e0 Unidade Ininga, pela Avenida Universit\u00e1ria, parada final.<\/p>\n<\/div><\/div><div class=\"w-separator size_medium\"><\/div><div id=\"modal-trg-txt-wrap-2649\" class=\"ult-modal-input-wrapper ult-adjust-bottom-margin    \"  ><style>\r\n\t\t\t\t\t.btn-modal.btn-id-69e72ed3066ec2-77630823:hover {\r\n\t\t\t\t\t\tbackground-color: #005a9a !important;\r\n\t\t\t\t\t}\r\n\t\t\t\t\t<\/style><button  data-ultimate-target='#modal-trg-txt-wrap-2649 .btn-modal'  data-responsive-json-new='{\"font-size\":\"\",\"line-height\":\"\"}'  style=\"background:#005a9a;border-color:#005a9a;color:#ffffff; \" data-class-id=\"content-69e72ed3066ec2-77630823\" class=\"btn-modal ult-responsive btn-primary btn-modal-block overlay-show ult-align-center btn-id-69e72ed3066ec2-77630823\" data-overlay-class=\"overlay-cornerbottomleft\">FA\u00c7A SUA INSCRI\u00c7\u00c3O<\/button><\/div>\n<div class=\"ult-overlay content-69e72ed3066ec2-77630823 \" data-class=\"content-69e72ed3066ec2-77630823\" id=\"button-click-overlay\" style=\"background:rgba(0,90,154,0.8); display:none;\">\n\t<div class=\"ult_modal ult-fade ult-block\">\n\t\t<div id=\"ult-modal-wrap-5707\" class=\"ult_modal-content ult-hide\" style=\"border-style:solid;border-width:2px;border-radius:0px;border-color:#333333;\">\n\t\t\t<div class=\"ult_modal-header\" style=\"color:#333333;border-color:#333333;\">\n\t\t\t\t<h3  data-ultimate-target='#ult-modal-wrap-5707 .ult_modal-title'  data-responsive-json-new='{\"font-size\":\"\",\"line-height\":\"\"}'  class=\"ult_modal-title ult-responsive\">INSCRI\u00c7\u00c3O<\/h3>\n\t\t\t<\/div>\n\t\t\t<div  data-ultimate-target='#ult-modal-wrap-5707 .ult_modal-body'  data-responsive-json-new='{\"font-size\":\"\",\"line-height\":\"\"}'  class=\"ult_modal-body ult-responsive ult-html\" style=\"\">\n\t\t\t<strong><em>Ps: os equipamentos necess\u00e1rios para pratica esportiva como bicicleta, capacete entre outros s\u00e3o de responsabilidade dos participantes.<\/em><\/strong><\/p>\n<hr \/>\n<div class=\"frm_forms  with_frm_style frm_style_formidable-style\" id=\"frm_form_3_container\" >\n<form enctype=\"multipart\/form-data\" method=\"post\" class=\"frm-show-form  frm_ajax_submit  frm_pro_form  frm_ajax_submit \" id=\"form_contact-form960ac82891bee6bb34ac\" >\n<div class=\"frm_form_fields \">\n<fieldset>\n<legend class=\"frm_screen_reader\">Meu pai e eu<\/legend>\r\n\r\n<div class=\"frm_fields_container\">\n<input type=\"hidden\" name=\"frm_action\" value=\"create\" \/>\n<input type=\"hidden\" name=\"form_id\" value=\"3\" \/>\n<input type=\"hidden\" name=\"frm_hide_fields_3\" id=\"frm_hide_fields_3\" value=\"\" \/>\n<input type=\"hidden\" name=\"form_key\" value=\"contact-form960ac82891bee6bb34ac\" \/>\n<input type=\"hidden\" name=\"item_meta[0]\" value=\"\" \/>\n<input type=\"hidden\" id=\"frm_submit_entry_3\" name=\"frm_submit_entry_3\" value=\"2054caa872\" \/><input type=\"hidden\" name=\"_wp_http_referer\" value=\"\/escola\/wp-json\/wp\/v2\/pages\/1264\" \/><div id=\"frm_field_38_container\" class=\"frm_form_field form-field  frm_required_field frm_top_container\">\r\n    <label for=\"field_qh4icy235541bdceb1c31eee0d\" id=\"field_qh4icy235541bdceb1c31eee0d_label\" class=\"frm_primary_label\">Nome do Pai ou respons\u00e1vel\r\n        <span class=\"frm_required\">*<\/span>\r\n    <\/label>\r\n    <input type=\"text\" id=\"field_qh4icy235541bdceb1c31eee0d\" name=\"item_meta[38]\" value=\"\"  data-reqmsg=\"Nome do Pai ou respons\u00e1vel cannot be blank.\" aria-required=\"true\" data-invmsg=\"Name is invalid\" aria-invalid=\"false\"  \/>\r\n    \r\n    \r\n<\/div>\n<div id=\"frm_field_39_container\" class=\"frm_form_field form-field  frm_required_field frm_top_container\">\r\n    <label for=\"field_r7swrede7e4176b444cb325e4\" id=\"field_r7swrede7e4176b444cb325e4_label\" class=\"frm_primary_label\">Nome do aluno ou alunos\r\n        <span class=\"frm_required\">*<\/span>\r\n    <\/label>\r\n    <input type=\"text\" id=\"field_r7swrede7e4176b444cb325e4\" name=\"item_meta[39]\" value=\"\"  data-reqmsg=\"Nome do aluno ou alunos cannot be blank.\" aria-required=\"true\" data-invmsg=\"Text is invalid\" aria-invalid=\"false\"  \/>\r\n    \r\n    \r\n<\/div>\n<div id=\"frm_field_40_container\" class=\"frm_form_field form-field  frm_required_field frm_top_container\">\r\n    <label for=\"field_6vak79d8469ff7c22251f8482\" id=\"field_6vak79d8469ff7c22251f8482_label\" class=\"frm_primary_label\">Whatsapp  (op\u00e7\u00e3o 01)\r\n        <span class=\"frm_required\">*<\/span>\r\n    <\/label>\r\n    <input type=\"tel\" id=\"field_6vak79d8469ff7c22251f8482\" name=\"item_meta[40]\" value=\"\"  data-reqmsg=\"Whatsapp  (op\u00e7\u00e3o 01) cannot be blank.\" aria-required=\"true\" data-invmsg=\"Phone is invalid\" aria-invalid=\"false\" pattern=\"((\\+\\d{1,3}(-|.| )?\\(?\\d\\)?(-| |.)?\\d{1,5})|(\\(?\\d{2,6}\\)?))(-|.| )?(\\d{3,4})(-|.| )?(\\d{4})(( x| ext)\\d{1,5}){0,1}$\"  \/>\r\n    \r\n    \r\n<\/div>\n<div id=\"frm_field_57_container\" class=\"frm_form_field form-field  frm_top_container\">\r\n    <label for=\"field_epkij\" id=\"field_epkij_label\" class=\"frm_primary_label\">Whatsapp (op\u00e7\u00e3o 02)\r\n        <span class=\"frm_required\"><\/span>\r\n    <\/label>\r\n    <input type=\"tel\" id=\"field_epkij\" name=\"item_meta[57]\" value=\"\"  data-invmsg=\"Phone is invalid\" aria-invalid=\"false\" pattern=\"((\\+\\d{1,3}(-|.| )?\\(?\\d\\)?(-| |.)?\\d{1,5})|(\\(?\\d{2,6}\\)?))(-|.| )?(\\d{3,4})(-|.| )?(\\d{4})(( x| ext)\\d{1,5}){0,1}$\"  \/>\r\n    \r\n    \r\n<\/div>\n<div id=\"frm_field_58_container\" class=\"frm_form_field form-field  frm_top_container\">\n    <label for=\"field_ulpt8\" id=\"field_ulpt8_label\" class=\"frm_primary_label\">Qual a turma do aluno?\n        <span class=\"frm_required\"><\/span>\n    <\/label>\n    \t\t<select name=\"item_meta[58]\" id=\"field_ulpt8\"  data-invmsg=\"Qual a turma do aluno? \u00e9 inv\u00e1lido\" aria-invalid=\"false\"  >\n\t\t<option  value=\"\" selected='selected'> <\/option><option  value=\"Educa\u00e7\u00e3o Infantil\">Educa\u00e7\u00e3o Infantil<\/option><option  value=\"Ensino Fundamental 1\">Ensino Fundamental 1<\/option><option  value=\"Ensino Fundamental 2\">Ensino Fundamental 2<\/option><option  value=\"Ensino M\u00e9dio\">Ensino M\u00e9dio<\/option><option  value=\"Pr\u00e9-vestibular\">Pr\u00e9-vestibular<\/option>\t<\/select>\n\t\n    \n    \n<\/div>\n<div id=\"frm_field_44_container\" class=\"frm_form_field frm_section_heading form-field \">\r\n<h3 class=\"frm_pos_top frm_section_spacing\">Modalidade de participa\u00e7\u00e3o na atividade do dia 22<\/h3>\r\n\r\n\r\n<div id=\"frm_field_45_container\" class=\"frm_form_field form-field  frm_top_container vertical_radio\">\r\n    <div  id=\"field_qrafz56515a1c10823a711f9e_label\" class=\"frm_primary_label\">\r\n        <span class=\"frm_required\"><\/span>\r\n    <\/div>\r\n    <div class=\"frm_opt_container\" aria-labelledby=\"field_qrafz56515a1c10823a711f9e_label\" role=\"group\">\t\t<div class=\"frm_checkbox\" id=\"frm_checkbox_45-44-0\">\t\t\t<label  for=\"field_qrafz56515a1c10823a711f9e-0\">\n\t\t\t<input type=\"checkbox\" name=\"item_meta[45][]\" id=\"field_qrafz56515a1c10823a711f9e-0\" value=\"Passeio cicl\u00edstico (j\u00e1 possuo minha bicicleta)\"  data-sectionid=\"44\" data-invmsg=\"Este campo \u00e9 inv\u00e1lido\"   \/> Passeio cicl\u00edstico (j\u00e1 possuo minha bicicleta)<\/label><\/div>\n\t\t<div class=\"frm_checkbox\" id=\"frm_checkbox_45-44-2\">\t\t\t<label  for=\"field_qrafz56515a1c10823a711f9e-2\">\n\t\t\t<input type=\"checkbox\" name=\"item_meta[45][]\" id=\"field_qrafz56515a1c10823a711f9e-2\" value=\"Passeio cicl\u00edstico* (quero reservar a minha bicicleta e arcarei com os custos)\"  data-sectionid=\"44\" data-invmsg=\"Este campo \u00e9 inv\u00e1lido\"   \/> Passeio cicl\u00edstico* (quero reservar a minha bicicleta e arcarei com os custos)<\/label><\/div>\n\t\t<div class=\"frm_checkbox\" id=\"frm_checkbox_45-44-1\">\t\t\t<label  for=\"field_qrafz56515a1c10823a711f9e-1\">\n\t\t\t<input type=\"checkbox\" name=\"item_meta[45][]\" id=\"field_qrafz56515a1c10823a711f9e-1\" value=\"Caminhada\"  data-sectionid=\"44\" data-invmsg=\"Este campo \u00e9 inv\u00e1lido\"   \/> Caminhada<\/label><\/div>\n<\/div>\r\n    \r\n    \r\n<\/div>\n<\/div>\n\t<input type=\"hidden\" name=\"item_key\" value=\"\" \/>\n\t\t\t<div id=\"frm_field_77_container\">\n\t\t\t<label for=\"field_4l98q\" >\n\t\t\t\tSe voc\u00ea \u00e9 humano, deixe este campo em branco.\t\t\t<\/label>\n\t\t\t<input  id=\"field_4l98q\" type=\"text\" class=\"frm_form_field form-field frm_verify\" name=\"item_meta[77]\" value=\"\"  \/>\n\t\t<\/div>\n\t\t<input name=\"frm_state\" type=\"hidden\" value=\"gSOodNIFexyPasmw\/MHbFR5bQNKj2Cs1LsNBOS\/35wk=\" \/><div class=\"frm_submit\">\r\n\r\n<button class=\"frm_button_submit frm_final_submit\" type=\"submit\"  >FAZER INSCRI\u00c7\u00c3O AGORA<\/button>\r\n\r\n<\/div><\/div>\n<\/fieldset>\n<\/div>\n\n<p style=\"display: none !important;\" class=\"akismet-fields-container\" data-prefix=\"ak_\"><label>&#916;<textarea name=\"ak_hp_textarea\" cols=\"45\" rows=\"8\" maxlength=\"100\"><\/textarea><\/label><input type=\"hidden\" id=\"ak_js_1\" name=\"ak_js\" value=\"165\"\/><script>document.getElementById( \"ak_js_1\" ).setAttribute( \"value\", ( new Date() ).getTime() );<\/script><\/p><\/form>\n<\/div>\n\n\t\t\t<\/div>\n\t<\/div>\n\t<\/div>\n\t<div class=\"ult-overlay-close top-right\" style=\"width:30px;height:30px; \"><div class=\"ult-overlay-close-inside\">Close<\/div><\/div>\n<\/div><\/div><\/div><\/div><\/div><\/div><\/section>\n","protected":false},"excerpt":{"rendered":"Meu Pai e Eu. \u201cVivendo Aventuras, Colecionando Mem\u00f3rias\u201d. Car\u00edssimos Pais e\/ou Respons\u00e1veis, No Col\u00e9gio Equa\u00e7\u00e3o Certa o m\u00eas de agosto chegou cheio de novidades e aventuras, sobretudo, porque logo no in\u00edcio, temos os olhares voltados para aquele que representa fortaleza, seguran\u00e7a, brincadeiras e apoio incondicional. Por isso, a Fam\u00edlia Equa\u00e7\u00e3o Certa tem a alegria de...","protected":false},"author":1,"featured_media":1275,"parent":0,"menu_order":0,"comment_status":"closed","ping_status":"closed","template":"","meta":{"footnotes":""},"class_list":["post-1264","page","type-page","status-publish","has-post-thumbnail","hentry"],"_links":{"self":[{"href":"https:\/\/site.equacaocerta.com.br\/escola\/wp-json\/wp\/v2\/pages\/1264","targetHints":{"allow":["GET"]}}],"collection":[{"href":"https:\/\/site.equacaocerta.com.br\/escola\/wp-json\/wp\/v2\/pages"}],"about":[{"href":"https:\/\/site.equacaocerta.com.br\/escola\/wp-json\/wp\/v2\/types\/page"}],"author":[{"embeddable":true,"href":"https:\/\/site.equacaocerta.com.br\/escola\/wp-json\/wp\/v2\/users\/1"}],"replies":[{"embeddable":true,"href":"https:\/\/site.equacaocerta.com.br\/escola\/wp-json\/wp\/v2\/comments?post=1264"}],"version-history":[{"count":11,"href":"https:\/\/site.equacaocerta.com.br\/escola\/wp-json\/wp\/v2\/pages\/1264\/revisions"}],"predecessor-version":[{"id":1288,"href":"https:\/\/site.equacaocerta.com.br\/escola\/wp-json\/wp\/v2\/pages\/1264\/revisions\/1288"}],"wp:featuredmedia":[{"embeddable":true,"href":"https:\/\/site.equacaocerta.com.br\/escola\/wp-json\/wp\/v2\/media\/1275"}],"wp:attachment":[{"href":"https:\/\/site.equacaocerta.com.br\/escola\/wp-json\/wp\/v2\/media?parent=1264"}],"curies":[{"name":"wp","href":"https:\/\/api.w.org\/{rel}","templated":true}]}}