{"id":239,"date":"2020-09-18T08:39:28","date_gmt":"2020-09-18T11:39:28","guid":{"rendered":"https:\/\/site.equacaocerta.com.br\/escola\/?page_id=239"},"modified":"2023-01-13T15:58:09","modified_gmt":"2023-01-13T18:58:09","slug":"horarios","status":"publish","type":"page","link":"https:\/\/site.equacaocerta.com.br\/escola\/horarios\/","title":{"rendered":"Hor\u00e1rios"},"content":{"rendered":"<section class=\"l-section wpb_row height_medium color_primary with_overlay\"><div class=\"l-section-overlay\" style=\"background: #333\"><\/div><div class=\"l-section-h i-cf\"><div class=\"g-cols vc_row type_default valign_top\"><div class=\"vc_col-sm-12 wpb_column vc_column_container\"><div class=\"vc_column-inner\"><div class=\"wpb_wrapper\"><div class=\"wpb_text_column\" ><div class=\"wpb_wrapper\"><table>\n<tbody>\n<tr>\n<td style=\"color: white;\" colspan=\"4\" bgcolor=\"#005a9a\" width=\"535\">\n<p style=\"text-align: center;\"><strong>HOR\u00c1RIO DAS AULAS<\/strong><\/p>\n<\/td>\n<\/tr>\n<tr>\n<td rowspan=\"2\" width=\"213\"><strong>S\u00e9ries<\/strong><\/td>\n<td rowspan=\"2\" width=\"96\">\n<p style=\"text-align: center;\"><strong>Turno<\/strong><\/p>\n<\/td>\n<td colspan=\"2\" width=\"226\">\n<p style=\"text-align: center;\"><strong>Hor\u00e1rio<\/strong><\/p>\n<\/td>\n<\/tr>\n<tr>\n<td width=\"112\">\n<p style=\"text-align: center;\"><strong>In\u00edcio<\/strong><\/p>\n<\/td>\n<td width=\"114\">\n<p style=\"text-align: center;\"><strong>T\u00e9rmino<\/strong><\/p>\n<\/td>\n<\/tr>\n<tr>\n<td width=\"213\">Educa\u00e7\u00e3o Infantil<\/td>\n<td width=\"96\">\n<p style=\"text-align: center;\">Manh\u00e3<br \/>\nTarde<\/p>\n<\/td>\n<td width=\"112\">\n<p style=\"text-align: center;\">7h30<br \/>\n13h30<\/p>\n<\/td>\n<td width=\"114\">\n<p style=\"text-align: center;\">11h30<br \/>\n17h30<\/p>\n<\/td>\n<\/tr>\n<tr>\n<td width=\"213\">Ensino Fundamental<br \/>\n(1\u00ba, 2\u00ba e 3\u00ba anos)<\/td>\n<td width=\"96\">\n<p style=\"text-align: center;\">Manh\u00e3<br \/>\nTarde<\/p>\n<\/td>\n<td width=\"112\">\n<p style=\"text-align: center;\">7h30<br \/>\n13h30<\/p>\n<\/td>\n<td width=\"114\">\n<p style=\"text-align: center;\">12h10<br \/>\n18h10<\/p>\n<\/td>\n<\/tr>\n<tr>\n<td width=\"213\">Ensino Fundamental<br \/>\n(4\u00ba e 5\u00ba anos)<\/td>\n<td width=\"96\">\n<p style=\"text-align: center;\">Manh\u00e3<br \/>\nTarde<\/p>\n<\/td>\n<td width=\"112\">\n<p style=\"text-align: center;\">7h<br \/>\n13h<\/p>\n<\/td>\n<td width=\"114\">\n<p style=\"text-align: center;\">12h10<br \/>\n18h10<\/p>\n<\/td>\n<\/tr>\n<tr>\n<td width=\"213\">Ensino Fundamental<br \/>\n(6\u00ba ao 9\u00ba ano)<\/td>\n<td width=\"96\">\n<p style=\"text-align: center;\">Manh\u00e3<br \/>\nTarde<\/p>\n<\/td>\n<td width=\"112\">\n<p style=\"text-align: center;\">7h<br \/>\n13h<\/p>\n<\/td>\n<td width=\"114\">\n<p style=\"text-align: center;\">12h30<br \/>\n18h10<\/p>\n<\/td>\n<\/tr>\n<tr>\n<td width=\"213\">Ensino M\u00e9dio<br \/>\ne Pr\u00e9-vestibular<\/td>\n<td style=\"text-align: center;\" width=\"96\">Manh\u00e3<\/td>\n<td style=\"text-align: center;\" width=\"112\">7h<\/td>\n<td style=\"text-align: center;\" width=\"114\">12h40<\/td>\n<\/tr>\n<tr>\n<td width=\"213\"><\/td>\n<td style=\"text-align: center;\" width=\"96\"><\/td>\n<td style=\"text-align: center;\" width=\"112\"><\/td>\n<td style=\"text-align: center;\" width=\"114\"><\/td>\n<\/tr>\n<tr>\n<td width=\"213\"><\/td>\n<td style=\"text-align: center;\" width=\"96\"><\/td>\n<td style=\"text-align: center;\" width=\"112\"><\/td>\n<td style=\"text-align: center;\" width=\"114\"><\/td>\n<\/tr>\n<\/tbody>\n<\/table>\n<\/div><\/div><\/div><\/div><\/div><\/div><\/div><\/section>\n","protected":false},"excerpt":{"rendered":"HOR\u00c1RIO DAS AULAS S\u00e9ries Turno Hor\u00e1rio In\u00edcio T\u00e9rmino Educa\u00e7\u00e3o Infantil Manh\u00e3 Tarde 7h30 13h30 11h30 17h30 Ensino Fundamental (1\u00ba, 2\u00ba e 3\u00ba anos) Manh\u00e3 Tarde 7h30 13h30 12h10 18h10 Ensino Fundamental (4\u00ba e 5\u00ba anos) Manh\u00e3 Tarde 7h 13h 12h10 18h10 Ensino Fundamental (6\u00ba ao 9\u00ba ano) Manh\u00e3 Tarde 7h 13h 12h30 18h10 Ensino M\u00e9dio...","protected":false},"author":1,"featured_media":0,"parent":0,"menu_order":0,"comment_status":"closed","ping_status":"closed","template":"","meta":{"footnotes":""},"class_list":["post-239","page","type-page","status-publish","hentry"],"_links":{"self":[{"href":"https:\/\/site.equacaocerta.com.br\/escola\/wp-json\/wp\/v2\/pages\/239","targetHints":{"allow":["GET"]}}],"collection":[{"href":"https:\/\/site.equacaocerta.com.br\/escola\/wp-json\/wp\/v2\/pages"}],"about":[{"href":"https:\/\/site.equacaocerta.com.br\/escola\/wp-json\/wp\/v2\/types\/page"}],"author":[{"embeddable":true,"href":"https:\/\/site.equacaocerta.com.br\/escola\/wp-json\/wp\/v2\/users\/1"}],"replies":[{"embeddable":true,"href":"https:\/\/site.equacaocerta.com.br\/escola\/wp-json\/wp\/v2\/comments?post=239"}],"version-history":[{"count":20,"href":"https:\/\/site.equacaocerta.com.br\/escola\/wp-json\/wp\/v2\/pages\/239\/revisions"}],"predecessor-version":[{"id":2127,"href":"https:\/\/site.equacaocerta.com.br\/escola\/wp-json\/wp\/v2\/pages\/239\/revisions\/2127"}],"wp:attachment":[{"href":"https:\/\/site.equacaocerta.com.br\/escola\/wp-json\/wp\/v2\/media?parent=239"}],"curies":[{"name":"wp","href":"https:\/\/api.w.org\/{rel}","templated":true}]}}