{"id":357,"date":"2020-10-10T20:48:46","date_gmt":"2020-10-10T23:48:46","guid":{"rendered":"https:\/\/site.equacaocerta.com.br\/escola\/?page_id=357"},"modified":"2024-12-11T11:33:55","modified_gmt":"2024-12-11T14:33:55","slug":"ensino-fundamental-anos-finais","status":"publish","type":"page","link":"https:\/\/site.equacaocerta.com.br\/escola\/ensinos\/ensino-fundamental-anos-finais\/","title":{"rendered":"Ensino Fundamental Anos Finais"},"content":{"rendered":"<section class=\"l-section wpb_row height_medium\"><div class=\"l-section-h i-cf\"><div class=\"g-cols vc_row type_default valign_top\"><div class=\"vc_col-sm-12 wpb_column vc_column_container\"><div class=\"vc_column-inner\"><div class=\"wpb_wrapper\"><div class=\"w-image align_center\"><div class=\"w-image-h\"><img loading=\"lazy\" decoding=\"async\" width=\"1920\" height=\"600\" src=\"https:\/\/site.equacaocerta.com.br\/escola\/wp-content\/uploads\/sites\/2\/2020\/10\/bannerEnsinoFund_finais.jpg\" class=\"attachment-full size-full\" alt=\"\" srcset=\"https:\/\/site.equacaocerta.com.br\/escola\/wp-content\/uploads\/sites\/2\/2020\/10\/bannerEnsinoFund_finais.jpg 1920w, https:\/\/site.equacaocerta.com.br\/escola\/wp-content\/uploads\/sites\/2\/2020\/10\/bannerEnsinoFund_finais-300x94.jpg 300w, https:\/\/site.equacaocerta.com.br\/escola\/wp-content\/uploads\/sites\/2\/2020\/10\/bannerEnsinoFund_finais-1024x320.jpg 1024w\" sizes=\"auto, (max-width: 1920px) 100vw, 1920px\" \/><\/div><\/div><\/div><\/div><\/div><\/div><\/div><\/section><section class=\"l-section wpb_row height_auto\"><div class=\"l-section-h i-cf\"><div class=\"g-cols vc_row type_default valign_top\"><div class=\"vc_col-sm-12 wpb_column vc_column_container\"><div class=\"vc_column-inner\"><div class=\"wpb_wrapper\"><div class=\"wpb_text_column\" ><div class=\"wpb_wrapper\"><p>Ampliar o universo de conhecimento do estudante, desenvolvendo sua capacidade de an\u00e1lise cr\u00edtica, racioc\u00ednio l\u00f3gico e uma vis\u00e3o global e humanista. Os alunos contam com projetos pedag\u00f3gicos eficientes que ajudam no desenvolvimento das suas habilidades, garantindo um ensino forte e cada vez mais pr\u00f3ximo da fam\u00edlia.<\/p>\n<p><strong>Material: <\/strong>Sistema de Ensino Ari de S\u00e1<\/p>\n<\/div><\/div><\/div><\/div><\/div><\/div><\/div><\/section><section class=\"l-section wpb_row height_auto\"><div class=\"l-section-h i-cf\"><div class=\"g-cols vc_row type_default valign_top\"><div class=\"vc_col-sm-12 wpb_column vc_column_container\"><div class=\"vc_column-inner\"><div class=\"wpb_wrapper\"><div class=\"w-separator size_small\"><\/div><\/div><\/div><\/div><\/div><\/div><\/section><section class=\"l-section wpb_row height_auto\"><div class=\"l-section-h i-cf\"><div class=\"g-cols vc_row type_default valign_top\"><div class=\"vc_col-sm-12 wpb_column vc_column_container\"><div class=\"vc_column-inner\"><div class=\"wpb_wrapper\"><div class=\"w-tabs us_custom_edddf27a style_default switch_click accordion has_scrolling title_atleft icon_chevron iconpos_right\"><div class=\"w-tabs-sections\"><div class=\"w-tabs-sections-h\"><div class=\"w-tabs-section with_icon\" id=\"1605304367825-bda8ad20-cb83cec1-ed97\"><button class=\"w-tabs-section-header\" aria-controls=\"content-1605304367825-bda8ad20-cb83cec1-ed97\"><div class=\"w-tabs-section-header-h\"><i class=\"fas fa-download\"><\/i><div class=\"w-tabs-section-title\">Materiais 2025<\/div><div class=\"w-tabs-section-control\"><\/div><\/div><\/button><div class=\"w-tabs-section-content  us_custom_6cc4a5e7\" id=\"content-1605304367825-bda8ad20-cb83cec1-ed97\" aria-expanded=\"false\"><div class=\"w-tabs-section-content-h i-cf\"><div class=\"g-cols wpb_row  type_default valign_top vc_inner\"><div class=\"vc_col-sm-3 wpb_column vc_column_container\"><div class=\"vc_column-inner\"><div class=\"wpb_wrapper\"><div class=\"w-btn-wrapper width_auto align_center\"><a class=\"w-btn us-btn-style_4 icon_atleft\" href=\"https:\/\/site.equacaocerta.com.br\/escola\/wp-content\/uploads\/sites\/2\/2024\/12\/6\u00ba-ANO-FUND.-LISTA-DE-MATERIAIS-2025-1.pdf\" target=\"_blank\" rel=\"noopener\"><i class=\"fas fa-download\"><\/i><span class=\"w-btn-label\">6\u00ba ANO<\/span><\/a><\/div><\/div><\/div><\/div><div class=\"vc_col-sm-3 wpb_column vc_column_container\"><div class=\"vc_column-inner\"><div class=\"wpb_wrapper\"><div class=\"w-btn-wrapper width_auto align_center\"><a class=\"w-btn us-btn-style_4 icon_atleft\" href=\"https:\/\/site.equacaocerta.com.br\/escola\/wp-content\/uploads\/sites\/2\/2024\/12\/7\u00ba-ANO-FUND.-LISTA-DE-MATERIAIS-2025-1.pdf\" target=\"_blank\" rel=\"noopener\"><i class=\"fas fa-download\"><\/i><span class=\"w-btn-label\">7\u00ba ANO<\/span><\/a><\/div><\/div><\/div><\/div><div class=\"vc_col-sm-3 wpb_column vc_column_container\"><div class=\"vc_column-inner\"><div class=\"wpb_wrapper\"><div class=\"w-btn-wrapper width_auto align_center\"><a class=\"w-btn us-btn-style_4 icon_atleft\" href=\"https:\/\/site.equacaocerta.com.br\/escola\/wp-content\/uploads\/sites\/2\/2024\/12\/8\u00ba-ANO-FUND.-LISTA-DE-MATERIAIS-2025-1.pdf\" target=\"_blank\" rel=\"noopener\"><i class=\"fas fa-download\"><\/i><span class=\"w-btn-label\">8\u00ba ANO<\/span><\/a><\/div><\/div><\/div><\/div><div class=\"vc_col-sm-3 wpb_column vc_column_container\"><div class=\"vc_column-inner\"><div class=\"wpb_wrapper\"><div class=\"w-btn-wrapper width_auto align_center\"><a class=\"w-btn us-btn-style_4 icon_atleft\" href=\"https:\/\/site.equacaocerta.com.br\/escola\/wp-content\/uploads\/sites\/2\/2024\/12\/9\u00ba-ANO-FUND.-LISTA-DE-MATERIAIS-2025-1.pdf\" target=\"_blank\" rel=\"noopener\"><i class=\"fas fa-download\"><\/i><span class=\"w-btn-label\">9\u00ba ANO<\/span><\/a><\/div><\/div><\/div><\/div><\/div><\/div><\/div><\/div><\/div><\/div><\/div><\/div><\/div><\/div><\/div><\/div><\/section><section class=\"l-section wpb_row height_auto\"><div class=\"l-section-h i-cf\"><div class=\"g-cols vc_row type_default valign_top\"><div class=\"vc_col-sm-12 wpb_column vc_column_container\"><div class=\"vc_column-inner\"><div class=\"wpb_wrapper\"><div class=\"w-separator size_small\"><\/div><\/div><\/div><\/div><\/div><\/div><\/section><section class=\"l-section wpb_row height_medium\"><div class=\"l-section-h i-cf\"><div class=\"g-cols vc_row type_default valign_top\"><div class=\"vc_col-sm-6 wpb_column vc_column_container\"><div class=\"vc_column-inner\"><div class=\"wpb_wrapper\"><div class=\"w-image align_none\"><div class=\"w-image-h\"><img loading=\"lazy\" decoding=\"async\" width=\"1000\" height=\"824\" src=\"https:\/\/site.equacaocerta.com.br\/escola\/wp-content\/uploads\/sites\/2\/2020\/10\/ensinoBilingue.jpg\" class=\"attachment-large size-large\" alt=\"\" srcset=\"https:\/\/site.equacaocerta.com.br\/escola\/wp-content\/uploads\/sites\/2\/2020\/10\/ensinoBilingue.jpg 1000w, https:\/\/site.equacaocerta.com.br\/escola\/wp-content\/uploads\/sites\/2\/2020\/10\/ensinoBilingue-300x247.jpg 300w\" sizes=\"auto, (max-width: 1000px) 100vw, 1000px\" \/><\/div><\/div><\/div><\/div><\/div><div class=\"vc_col-sm-6 wpb_column vc_column_container\"><div class=\"vc_column-inner\"><div class=\"wpb_wrapper\"><div class=\"wpb_text_column\" ><div class=\"wpb_wrapper\"><h2>Programa Bil\u00edngue<\/h2>\n<p>O Col\u00e9gio Equa\u00e7\u00e3o Certa, buscando melhor preparar os seus alunos, ampliando as suas possibilidades de crescimento, mobilidade e intera\u00e7\u00e3o, insere em seu curr\u00edculo o ensino da L\u00edngua Inglesa.<\/p>\n<p>Com uma programa\u00e7\u00e3o pr\u00f3pria, enriquecida, din\u00e2mica e significativa, as aulas de ingl\u00eas abandonam o foco de ensino da l\u00edngua em si mesma, e os alunos passam a aprender e a interagir em ingl\u00eas, permitindo que os alunos fa\u00e7am uma verdadeira imers\u00e3o na l\u00edngua.<\/p>\n<p>O Programa Bil\u00edngue, em parceria com a National Geographic Learning, inicia-se na Educa\u00e7\u00e3o infantil, acompanhando o nosso aluno at\u00e9 a \u00faltima s\u00e9rie do Ensino Fundamental Anos Finais.<\/p>\n<\/div><\/div><\/div><\/div><\/div><\/div><\/div><\/section><!-- Row Backgrounds --><div class=\"upb_color\" data-bg-override=\"0\" data-bg-color=\"#f6f6f6\" data-fadeout=\"\" data-fadeout-percentage=\"30\" data-parallax-content=\"\" data-parallax-content-sense=\"30\" data-row-effect-mobile-disable=\"true\" data-img-parallax-mobile-disable=\"true\" data-rtl=\"false\"  data-custom-vc-row=\"\"  data-vc=\"6.2.0\"  data-is_old_vc=\"\"  data-theme-support=\"\"   data-overlay=\"false\" data-overlay-color=\"\" data-overlay-pattern=\"\" data-overlay-pattern-opacity=\"\" data-overlay-pattern-size=\"\"    ><\/div><section class=\"l-section wpb_row height_medium\"><div class=\"l-section-h i-cf\"><div class=\"g-cols vc_row type_default valign_top reversed\"><div class=\"vc_col-sm-6 wpb_column vc_column_container\"><div class=\"vc_column-inner\"><div class=\"wpb_wrapper\"><div class=\"wpb_text_column\" ><div class=\"wpb_wrapper\"><h2>Letramento Digital<\/h2>\n<p>Pensando na forma\u00e7\u00e3o em todas as suas integralidades, trazemos para o Col\u00e9gio Equa\u00e7\u00e3o Certa a CULTURA MAKER com prop\u00f3sito de potencializar todas as experi\u00eancias de aprendizagem, utilizando os STEM\/STEAM (Ci\u00eancias, Tecnologia, Engenharia, Arte, Matem\u00e1tica), uma abordagem que preza pela multidisciplinaridade e permite a consolida\u00e7\u00e3o de habilidades e compet\u00eancias essenciais para a forma\u00e7\u00e3o do cidad\u00e3o do futuro. A ROB\u00d3TICA surge como mais uma abordagem inserida nesse processo, assim como o SCRATCH.<\/p>\n<p>Nossa meta \u00e9 desenvolver um ambiente escolar integrado que conecte o aluno ao mundo e ofere\u00e7a subs\u00eddios que ajudem no desenvolvimento educacional, apostando na autonomia, interatividade e tomadas de decis\u00e3o para a vida profissional e pessoal.<\/p>\n<p>A proposta de Letramento Digital ser\u00e1 realizada em parceria com a Lego Education e a Mind Makers e inicia-se na Educa\u00e7\u00e3o infantil, acompanhando o nosso aluno at\u00e9 a \u00faltima s\u00e9rie do Ensino Fundamental Anos Finais.<\/p>\n<\/div><\/div><\/div><\/div><\/div><div class=\"vc_col-sm-6 wpb_column vc_column_container\"><div class=\"vc_column-inner\"><div class=\"wpb_wrapper\"><div class=\"w-image align_none\"><div class=\"w-image-h\"><img loading=\"lazy\" decoding=\"async\" width=\"1000\" height=\"824\" src=\"https:\/\/site.equacaocerta.com.br\/escola\/wp-content\/uploads\/sites\/2\/2020\/10\/robotica.jpg\" class=\"attachment-large size-large\" alt=\"\" srcset=\"https:\/\/site.equacaocerta.com.br\/escola\/wp-content\/uploads\/sites\/2\/2020\/10\/robotica.jpg 1000w, https:\/\/site.equacaocerta.com.br\/escola\/wp-content\/uploads\/sites\/2\/2020\/10\/robotica-300x247.jpg 300w\" sizes=\"auto, (max-width: 1000px) 100vw, 1000px\" \/><\/div><\/div><\/div><\/div><\/div><\/div><\/div><\/section>\n","protected":false},"excerpt":{"rendered":"Ampliar o universo de conhecimento do estudante, desenvolvendo sua capacidade de an\u00e1lise cr\u00edtica, racioc\u00ednio l\u00f3gico e uma vis\u00e3o global e humanista. Os alunos contam com projetos pedag\u00f3gicos eficientes que ajudam no desenvolvimento das suas habilidades, garantindo um ensino forte e cada vez mais pr\u00f3ximo da fam\u00edlia. Material: Sistema de Ensino Ari de S\u00e1 Materiais 20256\u00ba...","protected":false},"author":1,"featured_media":0,"parent":15,"menu_order":0,"comment_status":"closed","ping_status":"closed","template":"","meta":{"footnotes":""},"class_list":["post-357","page","type-page","status-publish","hentry"],"_links":{"self":[{"href":"https:\/\/site.equacaocerta.com.br\/escola\/wp-json\/wp\/v2\/pages\/357","targetHints":{"allow":["GET"]}}],"collection":[{"href":"https:\/\/site.equacaocerta.com.br\/escola\/wp-json\/wp\/v2\/pages"}],"about":[{"href":"https:\/\/site.equacaocerta.com.br\/escola\/wp-json\/wp\/v2\/types\/page"}],"author":[{"embeddable":true,"href":"https:\/\/site.equacaocerta.com.br\/escola\/wp-json\/wp\/v2\/users\/1"}],"replies":[{"embeddable":true,"href":"https:\/\/site.equacaocerta.com.br\/escola\/wp-json\/wp\/v2\/comments?post=357"}],"version-history":[{"count":22,"href":"https:\/\/site.equacaocerta.com.br\/escola\/wp-json\/wp\/v2\/pages\/357\/revisions"}],"predecessor-version":[{"id":2354,"href":"https:\/\/site.equacaocerta.com.br\/escola\/wp-json\/wp\/v2\/pages\/357\/revisions\/2354"}],"up":[{"embeddable":true,"href":"https:\/\/site.equacaocerta.com.br\/escola\/wp-json\/wp\/v2\/pages\/15"}],"wp:attachment":[{"href":"https:\/\/site.equacaocerta.com.br\/escola\/wp-json\/wp\/v2\/media?parent=357"}],"curies":[{"name":"wp","href":"https:\/\/api.w.org\/{rel}","templated":true}]}}