{"id":6,"date":"2020-07-22T23:39:55","date_gmt":"2020-07-23T02:39:55","guid":{"rendered":"https:\/\/site.equacaocerta.com.br\/escola\/?page_id=6"},"modified":"2025-11-17T17:51:26","modified_gmt":"2025-11-17T20:51:26","slug":"home","status":"publish","type":"page","link":"https:\/\/site.equacaocerta.com.br\/escola\/","title":{"rendered":"Equa\u00e7\u00e3o Certa &#8211; Escola"},"content":{"rendered":"<section class=\"l-section wpb_row height_auto\"><div class=\"l-section-h i-cf\"><div class=\"g-cols vc_row type_default valign_middle\"><div class=\"vc_col-sm-12 wpb_column vc_column_container\"><div class=\"vc_column-inner\"><div class=\"wpb_wrapper\"><div class=\"w-separator size_small\"><\/div><\/div><\/div><\/div><\/div><\/div><\/section><section class=\"l-section wpb_row height_huge color_secondary with_img with_overlay\"><div class=\"l-section-img\" style=\"background-image: url(https:\/\/site.equacaocerta.com.br\/escola\/wp-content\/uploads\/sites\/2\/2020\/07\/bg2.jpg);\" data-img-width=\"1920\" data-img-height=\"700\"><\/div><div class=\"l-section-overlay\" style=\"background: rgba(0,90,154,0.85)\"><\/div><div class=\"l-section-h i-cf\"><div class=\"g-cols vc_row type_default valign_top\"><div class=\"vc_col-sm-12 wpb_column vc_column_container\"><div class=\"vc_column-inner\"><div class=\"wpb_wrapper\"><div class=\"wpb_text_column\" ><div class=\"wpb_wrapper\"><h1 style=\"text-align: center;\">Proposta Pedag\u00f3gica<\/h1>\n<hr \/>\n<\/div><\/div><div class=\"wpb_text_column\" ><div class=\"wpb_wrapper\"><p style=\"text-align: center;\">O Col\u00e9gio Equa\u00e7\u00e3o Certa nasce de um projeto que tem como premissa possibilitar ao nosso aluno vivenciar a escola, otimizar o tempo com saberes e experi\u00eancias que promovam o seu desenvolvimento integral, dando-lhe subs\u00eddios para o desenvolvimento da autonomia, da cidadania, da empatia, respeito nas rela\u00e7\u00f5es e o aprendizado formal de conte\u00fados que sejam essenciais nesse percurso.<\/p>\n<\/div><\/div><div class=\"w-btn-wrapper width_auto align_center\"><a class=\"w-btn us-btn-style_3\" href=\"https:\/\/site.equacaocerta.com.br\/escola\/proposta-pedagogica\/\"><span class=\"w-btn-label\">Veja mais<\/span><\/a><\/div><div class=\"w-separator size_medium\"><\/div><div class=\"g-cols wpb_row  type_default valign_top vc_inner\"><div class=\"vc_col-sm-3 wpb_column vc_column_container\"><div class=\"vc_column-inner\"><div class=\"wpb_wrapper\"><div class=\"w-image align_center\"><a class=\"w-image-h\" href=\"https:\/\/site.equacaocerta.com.br\/escola\/ensinos\/educacao-infantil\/\"><img loading=\"lazy\" decoding=\"async\" width=\"1024\" height=\"843\" src=\"https:\/\/site.equacaocerta.com.br\/escola\/wp-content\/uploads\/sites\/2\/2020\/10\/educacaoinfantil-1.jpeg\" class=\"attachment-full size-full\" alt=\"\" srcset=\"https:\/\/site.equacaocerta.com.br\/escola\/wp-content\/uploads\/sites\/2\/2020\/10\/educacaoinfantil-1.jpeg 1024w, https:\/\/site.equacaocerta.com.br\/escola\/wp-content\/uploads\/sites\/2\/2020\/10\/educacaoinfantil-1-300x247.jpeg 300w\" sizes=\"auto, (max-width: 1024px) 100vw, 1024px\" \/><\/a><\/div><\/div><\/div><\/div><div class=\"vc_col-sm-3 wpb_column vc_column_container\"><div class=\"vc_column-inner\"><div class=\"wpb_wrapper\"><div class=\"w-image align_center\"><a class=\"w-image-h\" href=\"https:\/\/site.equacaocerta.com.br\/escola\/ensinos\/ensino-fundamental-anos-iniciais\/\"><img loading=\"lazy\" decoding=\"async\" width=\"1024\" height=\"844\" src=\"https:\/\/site.equacaocerta.com.br\/escola\/wp-content\/uploads\/sites\/2\/2020\/10\/07-out-2020-post-16-e-17-alteracao2.jpg\" class=\"attachment-large size-large\" alt=\"\" srcset=\"https:\/\/site.equacaocerta.com.br\/escola\/wp-content\/uploads\/sites\/2\/2020\/10\/07-out-2020-post-16-e-17-alteracao2.jpg 1024w, https:\/\/site.equacaocerta.com.br\/escola\/wp-content\/uploads\/sites\/2\/2020\/10\/07-out-2020-post-16-e-17-alteracao2-300x247.jpg 300w\" sizes=\"auto, (max-width: 1024px) 100vw, 1024px\" \/><\/a><\/div><\/div><\/div><\/div><div class=\"vc_col-sm-3 wpb_column vc_column_container\"><div class=\"vc_column-inner\"><div class=\"wpb_wrapper\"><div class=\"w-image align_center\"><a class=\"w-image-h\" href=\"https:\/\/site.equacaocerta.com.br\/escola\/ensinos\/ensino-fundamental-anos-finais\/\"><img loading=\"lazy\" decoding=\"async\" width=\"1024\" height=\"844\" src=\"https:\/\/site.equacaocerta.com.br\/escola\/wp-content\/uploads\/sites\/2\/2020\/10\/04-out-2020-post-17-bann2.jpg\" class=\"attachment-large size-large\" alt=\"\" srcset=\"https:\/\/site.equacaocerta.com.br\/escola\/wp-content\/uploads\/sites\/2\/2020\/10\/04-out-2020-post-17-bann2.jpg 1024w, https:\/\/site.equacaocerta.com.br\/escola\/wp-content\/uploads\/sites\/2\/2020\/10\/04-out-2020-post-17-bann2-300x247.jpg 300w\" sizes=\"auto, (max-width: 1024px) 100vw, 1024px\" \/><\/a><\/div><\/div><\/div><\/div><div class=\"vc_col-sm-3 wpb_column vc_column_container\"><div class=\"vc_column-inner\"><div class=\"wpb_wrapper\"><div class=\"w-image align_center\"><a class=\"w-image-h\" href=\"https:\/\/site.equacaocerta.com.br\/escola\/ensinos\/ensino-medio\/\"><img loading=\"lazy\" decoding=\"async\" width=\"1024\" height=\"844\" src=\"https:\/\/site.equacaocerta.com.br\/escola\/wp-content\/uploads\/sites\/2\/2020\/10\/ensinoMedio.jpg\" class=\"attachment-large size-large\" alt=\"\" srcset=\"https:\/\/site.equacaocerta.com.br\/escola\/wp-content\/uploads\/sites\/2\/2020\/10\/ensinoMedio.jpg 1024w, https:\/\/site.equacaocerta.com.br\/escola\/wp-content\/uploads\/sites\/2\/2020\/10\/ensinoMedio-300x247.jpg 300w\" sizes=\"auto, (max-width: 1024px) 100vw, 1024px\" \/><\/a><\/div><\/div><\/div><\/div><\/div><\/div><\/div><\/div><\/div><\/div><\/section><!-- Row Backgrounds --><div class=\"upb_color\" data-bg-override=\"0\" data-bg-color=\"#005a9a\" data-fadeout=\"\" data-fadeout-percentage=\"30\" data-parallax-content=\"\" data-parallax-content-sense=\"30\" data-row-effect-mobile-disable=\"true\" data-img-parallax-mobile-disable=\"true\" data-rtl=\"false\"  data-custom-vc-row=\"\"  data-vc=\"6.2.0\"  data-is_old_vc=\"\"  data-theme-support=\"\"   data-overlay=\"false\" data-overlay-color=\"\" data-overlay-pattern=\"\" data-overlay-pattern-opacity=\"\" data-overlay-pattern-size=\"\"    data-seperator=\"true\"  data-seperator-type=\"curve_up_seperator\"  data-seperator-shape-size=\"40\"  data-seperator-svg-height=\"100\"  data-seperator-full-width=\"true\" data-seperator-position=\"bottom_seperator\"  data-seperator-background-color=\"#fff\"  data-icon=\"\"  ><\/div><section class=\"l-section wpb_row height_medium color_alternate\"><div class=\"l-section-h i-cf\"><div class=\"g-cols vc_row type_default valign_top\"><div class=\"vc_col-sm-12 wpb_column vc_column_container\"><div class=\"vc_column-inner\"><div class=\"wpb_wrapper\"><div class=\"g-cols wpb_row  type_default valign_top vc_inner\"><div class=\"vc_col-sm-12 wpb_column vc_column_container\"><div class=\"vc_column-inner\"><div class=\"wpb_wrapper\"><div class=\"w-separator size_medium with_line width_default thick_1 style_solid color_border align_center\"><div class=\"w-separator-h\"><\/div><\/div><div class=\"aio-icon-component    style_1\"><a class=\"aio-icon-box-link\" href=\"#\" ><div id=\"Info-box-wrap-5263\" class=\"aio-icon-box left-icon\" style=\"\"  ><div class=\"aio-icon-left\"><div class=\"ult-just-icon-wrapper  \"><div class=\"align-icon\" style=\"text-align:center;\">\n<div class=\"aio-icon circle \" data-animation=\"slideInDown\" data-animation-delay=\"03\" style=\"color:#005a9a;background:#ffffff;font-size:26px;display:inline-block;\">\n\t<i class=\"Defaults-video-camera\"><\/i>\n<\/div><\/div><\/div><\/div><div class=\"aio-ibd-block\"><div class=\"aio-icon-header\" ><h2 class=\"aio-icon-title ult-responsive\"  data-ultimate-target='#Info-box-wrap-5263 .aio-icon-title'  data-responsive-json-new='{\"font-size\":\"\",\"line-height\":\"\"}'  style=\"color:#005a9a;\">Tour Virtual<\/h2><\/div> <!-- header --><\/div> <!-- aio-ibd-block --><\/div> <!-- aio-icon-box --><\/a><\/div> <!-- aio-icon-component --><\/div><\/div><\/div><\/div><div class=\"g-cols wpb_row  type_default valign_top vc_inner\"><div class=\"vc_col-sm-4 wpb_column vc_column_container\"><div class=\"vc_column-inner\"><div class=\"wpb_wrapper\"><div class=\"aio-icon-component    style_1\"><a class=\"aio-icon-box-link\" href=\"#\" ><div id=\"Info-box-wrap-8070\" class=\"aio-icon-box left-icon\" style=\"\"  ><div class=\"aio-icon-left\"><div class=\"ult-just-icon-wrapper  \"><div class=\"align-icon\" style=\"text-align:center;\">\n<div class=\"aio-icon none \" data-animation=\"slideInDown\" data-animation-delay=\"03\" style=\"color:#005a9a;font-size:26px;display:inline-block;\">\n\t<i class=\"Defaults-map-marker\"><\/i>\n<\/div><\/div><\/div><\/div><div class=\"aio-ibd-block\"><div class=\"aio-icon-header\" ><h5 class=\"aio-icon-title ult-responsive\"  data-ultimate-target='#Info-box-wrap-8070 .aio-icon-title'  data-responsive-json-new='{\"font-size\":\"\",\"line-height\":\"\"}'  style=\"color:#005a9a;\">Unidade Ininga<\/h5><\/div> <!-- header --><\/div> <!-- aio-ibd-block --><\/div> <!-- aio-icon-box --><\/a><\/div> <!-- aio-icon-component -->[vc_raw_html]JTNDaWZyYW1lJTIwc3JjJTNEJTIyaHR0cHMlM0ElMkYlMkZ3d3cuZ29vZ2xlLmNvbSUyRm1hcHMlMkZlbWJlZCUzRnBiJTNEJTIxNHYxNTk3OTY3NzI1MjI2JTIxNm04JTIxMW03JTIxMXNDQW9TTEVGR01WRnBjRTExUldnd09XRlRlQzFmTUZvNGFYRm1RV3h4ZFhCdlJ6aDBaRFJyVTBGNFMyazJXR1pEJTIxMm0yJTIxMWQtNS4wNzU2NTA4MzczNDklMjEyZC00Mi43OTQ3MjMzNDE4NDUlMjEzZjE5OS42NzkzNTg4MTAxMzI0NCUyMTRmLTcuMjY3ODIzNTQ4NDE0NjgyNSUyMTVmMC43ODIwODY1OTc0NjI3NDY5JTIyJTIwd2lkdGglM0QlMjI2MDAlMjIlMjBoZWlnaHQlM0QlMjIzMDAlMjIlMjBmcmFtZWJvcmRlciUzRCUyMjAlMjIlMjBzdHlsZSUzRCUyMmJvcmRlciUzQTAlM0IlMjIlMjBhbGxvd2Z1bGxzY3JlZW4lM0QlMjIlMjIlMjBhcmlhLWhpZGRlbiUzRCUyMmZhbHNlJTIyJTIwdGFiaW5kZXglM0QlMjIwJTIyJTNFJTNDJTJGaWZyYW1lJTNF[\/vc_raw_html]<\/div><\/div><\/div><div class=\"vc_col-sm-4 wpb_column vc_column_container\"><div class=\"vc_column-inner\"><div class=\"wpb_wrapper\"><div class=\"aio-icon-component    style_1\"><a class=\"aio-icon-box-link\" href=\"#\" ><div id=\"Info-box-wrap-7325\" class=\"aio-icon-box left-icon\" style=\"\"  ><div class=\"aio-icon-left\"><div class=\"ult-just-icon-wrapper  \"><div class=\"align-icon\" style=\"text-align:center;\">\n<div class=\"aio-icon none \" data-animation=\"slideInDown\" data-animation-delay=\"03\" style=\"color:#005a9a;font-size:26px;display:inline-block;\">\n\t<i class=\"Defaults-map-marker\"><\/i>\n<\/div><\/div><\/div><\/div><div class=\"aio-ibd-block\"><div class=\"aio-icon-header\" ><h5 class=\"aio-icon-title ult-responsive\"  data-ultimate-target='#Info-box-wrap-7325 .aio-icon-title'  data-responsive-json-new='{\"font-size\":\"\",\"line-height\":\"\"}'  style=\"color:#005a9a;\">Unidade Centro<\/h5><\/div> <!-- header --><\/div> <!-- aio-ibd-block --><\/div> <!-- aio-icon-box --><\/a><\/div> <!-- aio-icon-component -->[vc_raw_html]JTNDaWZyYW1lJTIwc3JjJTNEJTIyaHR0cHMlM0ElMkYlMkZ3d3cuZ29vZ2xlLmNvbSUyRm1hcHMlMkZlbWJlZCUzRnBiJTNEJTIxNHYxNTk4MzU1MDMwNjU2JTIxNm04JTIxMW03JTIxMXNDQW9TTEVGR01WRnBjRkEwUjNOelJteE1iWEJOUW5Rd2EzZzBiRGhDV1Roa01VZDZlbkI1T0hOSmJEQmpVWFpxJTIxMm0yJTIxMWQtNS4wOTExMDk2NjU1JTIxMmQtNDIuODEwMTQwNjMxODI1JTIxM2YxODYuNDg0NTE1ODUyNDg2MTclMjE0ZjQuMzMxNDEzNTIzMjEwNjg1JTIxNWYwLjc4MjA4NjU5NzQ2Mjc0NjklMjIlMjB3aWR0aCUzRCUyMjYwMCUyMiUyMGhlaWdodCUzRCUyMjMwMCUyMiUyMGZyYW1lYm9yZGVyJTNEJTIyMCUyMiUyMHN0eWxlJTNEJTIyYm9yZGVyJTNBMCUzQiUyMiUyMGFsbG93ZnVsbHNjcmVlbiUzRCUyMiUyMiUyMGFyaWEtaGlkZGVuJTNEJTIyZmFsc2UlMjIlMjB0YWJpbmRleCUzRCUyMjAlMjIlM0UlM0MlMkZpZnJhbWUlM0U=[\/vc_raw_html]<\/div><\/div><\/div><div class=\"vc_col-sm-4 wpb_column vc_column_container\"><div class=\"vc_column-inner\"><div class=\"wpb_wrapper\"><div class=\"aio-icon-component    style_1\"><a class=\"aio-icon-box-link\" href=\"#\" ><div id=\"Info-box-wrap-3420\" class=\"aio-icon-box left-icon\" style=\"\"  ><div class=\"aio-icon-left\"><div class=\"ult-just-icon-wrapper  \"><div class=\"align-icon\" style=\"text-align:center;\">\n<div class=\"aio-icon none \" data-animation=\"slideInDown\" data-animation-delay=\"03\" style=\"color:#005a9a;font-size:26px;display:inline-block;\">\n\t<i class=\"Defaults-map-marker\"><\/i>\n<\/div><\/div><\/div><\/div><div class=\"aio-ibd-block\"><div class=\"aio-icon-header\" ><h5 class=\"aio-icon-title ult-responsive\"  data-ultimate-target='#Info-box-wrap-3420 .aio-icon-title'  data-responsive-json-new='{\"font-size\":\"\",\"line-height\":\"\"}'  style=\"color:#005a9a;\">Unidade J\u00f3quei<\/h5><\/div> <!-- header --><\/div> <!-- aio-ibd-block --><\/div> <!-- aio-icon-box --><\/a><\/div> <!-- aio-icon-component -->[vc_raw_html]JTNDaWZyYW1lJTIwc3JjJTNEJTIyaHR0cHMlM0ElMkYlMkZ3d3cuZ29vZ2xlLmNvbSUyRm1hcHMlMkZlbWJlZCUzRnBiJTNEJTIxNHYxNzM2MjYxNDI5OTUyJTIxNm04JTIxMW03JTIxMXNDQW9TTEVGR01WRnBjRkJyVGxKMVNVWTROVkF6VDBRelJFUTRVRFEyVVZkbWFuQXpUMDh0WlhReVExTlhTRWxHJTIxMm0yJTIxMWQtNS4wNzEyMjY0MTU5MTQ4MjIlMjEyZC00Mi43ODE5Mzc1MDU0NDEwNiUyMTNmMjYwJTIxNGYwJTIxNWYwLjc4MjA4NjU5NzQ2Mjc0NjklMjIlMjB3aWR0aCUzRCUyMjYwMCUyMiUyMGhlaWdodCUzRCUyMjMwMCUyMiUyMHN0eWxlJTNEJTIyYm9yZGVyJTNBMCUzQiUyMiUyMGFsbG93ZnVsbHNjcmVlbiUzRCUyMiUyMiUyMGxvYWRpbmclM0QlMjJsYXp5JTIyJTIwcmVmZXJyZXJwb2xpY3klM0QlMjJuby1yZWZlcnJlci13aGVuLWRvd25ncmFkZSUyMiUzRSUzQyUyRmlmcmFtZSUzRQ==[\/vc_raw_html]<\/div><\/div><\/div><\/div><\/div><\/div><\/div><\/div><\/div><\/section><!-- Row Backgrounds --><div class=\"upb_color\" data-bg-override=\"0\" data-bg-color=\"#f4e103\" data-fadeout=\"\" data-fadeout-percentage=\"30\" data-parallax-content=\"\" data-parallax-content-sense=\"30\" data-row-effect-mobile-disable=\"true\" data-img-parallax-mobile-disable=\"true\" data-rtl=\"false\"  data-custom-vc-row=\"\"  data-vc=\"6.2.0\"  data-is_old_vc=\"\"  data-theme-support=\"\"   data-overlay=\"false\" data-overlay-color=\"\" data-overlay-pattern=\"\" data-overlay-pattern-opacity=\"\" data-overlay-pattern-size=\"\"    ><\/div>\n","protected":false},"excerpt":{"rendered":"Proposta Pedag\u00f3gica O Col\u00e9gio Equa\u00e7\u00e3o Certa nasce de um projeto que tem como premissa possibilitar ao nosso aluno vivenciar a escola, otimizar o tempo com saberes e experi\u00eancias que promovam o seu desenvolvimento integral, dando-lhe subs\u00eddios para o desenvolvimento da autonomia, da cidadania, da empatia, respeito nas rela\u00e7\u00f5es e o aprendizado formal de conte\u00fados que...","protected":false},"author":1,"featured_media":0,"parent":0,"menu_order":0,"comment_status":"closed","ping_status":"closed","template":"","meta":{"footnotes":""},"class_list":["post-6","page","type-page","status-publish","hentry"],"_links":{"self":[{"href":"https:\/\/site.equacaocerta.com.br\/escola\/wp-json\/wp\/v2\/pages\/6","targetHints":{"allow":["GET"]}}],"collection":[{"href":"https:\/\/site.equacaocerta.com.br\/escola\/wp-json\/wp\/v2\/pages"}],"about":[{"href":"https:\/\/site.equacaocerta.com.br\/escola\/wp-json\/wp\/v2\/types\/page"}],"author":[{"embeddable":true,"href":"https:\/\/site.equacaocerta.com.br\/escola\/wp-json\/wp\/v2\/users\/1"}],"replies":[{"embeddable":true,"href":"https:\/\/site.equacaocerta.com.br\/escola\/wp-json\/wp\/v2\/comments?post=6"}],"version-history":[{"count":119,"href":"https:\/\/site.equacaocerta.com.br\/escola\/wp-json\/wp\/v2\/pages\/6\/revisions"}],"predecessor-version":[{"id":2415,"href":"https:\/\/site.equacaocerta.com.br\/escola\/wp-json\/wp\/v2\/pages\/6\/revisions\/2415"}],"wp:attachment":[{"href":"https:\/\/site.equacaocerta.com.br\/escola\/wp-json\/wp\/v2\/media?parent=6"}],"curies":[{"name":"wp","href":"https:\/\/api.w.org\/{rel}","templated":true}]}}