{"id":15,"date":"2020-08-13T09:20:24","date_gmt":"2020-08-13T12:20:24","guid":{"rendered":"https:\/\/site.equacaocerta.com.br\/isoladas\/?page_id=15"},"modified":"2024-05-29T11:28:31","modified_gmt":"2024-05-29T14:28:31","slug":"home","status":"publish","type":"page","link":"https:\/\/site.equacaocerta.com.br\/isoladas\/","title":{"rendered":"Equa\u00e7\u00e3o Certa &#8211; Isoladas"},"content":{"rendered":"<section class=\"l-section wpb_row height_auto width_full\"><div class=\"l-section-h i-cf\"><div class=\"g-cols vc_row type_default valign_top\"><div class=\"vc_col-sm-12 wpb_column vc_column_container\"><div class=\"vc_column-inner\"><div class=\"wpb_wrapper\"><div class=\"wpb_text_column\" ><div class=\"wpb_wrapper\"><div id=\"metaslider-id-17\" style=\"width: 100%;\" class=\"ml-slider-3-102-0 metaslider metaslider-flex metaslider-17 ml-slider ms-theme-default nav-hidden\" role=\"region\" aria-label=\"Home\" data-height=\"600\" data-width=\"1920\">\n    <div id=\"metaslider_container_17\">\n        <div id=\"metaslider_17\">\n            <ul class='slides'>\n                <li style=\"display: block; width: 100%;\" class=\"slide-961 ms-image \" aria-roledescription=\"slide\" data-date=\"2023-12-18 08:51:53\" data-slide-type=\"image\"><img loading=\"lazy\" decoding=\"async\" src=\"https:\/\/site.equacaocerta.com.br\/isoladas\/wp-content\/uploads\/sites\/3\/2023\/12\/07-dez-2023-qui-banner_site_equacao.png\" height=\"600\" width=\"1920\" alt=\"\" class=\"slider-17 slide-961 msDefaultImage\" title=\"07-dez-2023-qui-banner_site_equacao\" \/><\/li>\n                <li style=\"display: none; width: 100%;\" class=\"slide-1093 ms-image \" aria-roledescription=\"slide\" data-date=\"2024-06-13 11:17:47\" data-slide-type=\"image\"><img loading=\"lazy\" decoding=\"async\" src=\"https:\/\/site.equacaocerta.com.br\/isoladas\/wp-content\/uploads\/sites\/3\/2024\/06\/site-fisica.png\" height=\"600\" width=\"1920\" alt=\"\" class=\"slider-17 slide-1093 msDefaultImage\" title=\"site - fisica\" \/><\/li>\n                <li style=\"display: none; width: 100%;\" class=\"slide-1094 ms-image \" aria-roledescription=\"slide\" data-date=\"2024-06-13 11:17:47\" data-slide-type=\"image\"><img loading=\"lazy\" decoding=\"async\" src=\"https:\/\/site.equacaocerta.com.br\/isoladas\/wp-content\/uploads\/sites\/3\/2024\/06\/site-quimica.png\" height=\"600\" width=\"1920\" alt=\"\" class=\"slider-17 slide-1094 msDefaultImage\" title=\"site - quimica\" \/><\/li>\n                <li style=\"display: none; width: 100%;\" class=\"slide-1092 ms-image \" aria-roledescription=\"slide\" data-date=\"2024-06-13 11:17:47\" data-slide-type=\"image\"><img loading=\"lazy\" decoding=\"async\" src=\"https:\/\/site.equacaocerta.com.br\/isoladas\/wp-content\/uploads\/sites\/3\/2024\/06\/site-BIOLOGIA.png\" height=\"600\" width=\"1920\" alt=\"\" class=\"slider-17 slide-1092 msDefaultImage\" title=\"site - BIOLOGIA\" \/><\/li>\n            <\/ul>\n        <\/div>\n        \n    <\/div>\n<\/div>\n<\/div><\/div><\/div><\/div><\/div><\/div><\/div><\/section><section class=\"l-section wpb_row height_medium\"><div class=\"l-section-h i-cf\"><div class=\"g-cols vc_row type_default valign_top\"><div class=\"vc_col-sm-12 wpb_column vc_column_container\"><div class=\"vc_column-inner\"><div class=\"wpb_wrapper\"><div class=\"wpb_text_column\" ><div class=\"wpb_wrapper\"><h1>Cursos em destaques<\/p>\n<\/div><\/div><div class=\"w-separator size_small with_line width_default thick_1 style_solid color_border align_center\"><div class=\"w-separator-h\"><\/div><\/div><div class=\"w-grid type_grid layout_portfolio_7 cols_3 ratio_1x1\" id=\"us_grid_1\" data-grid-filter=\"true\" onclick='return []'><style id=\"us_grid_1_css\">#us_grid_1 .w-grid-item{padding:1.5rem}#us_grid_1 .w-grid-list{margin:-1.5rem}.w-grid + #us_grid_1 .w-grid-list{margin-top:1.5rem}@media (max-width:899px){#us_grid_1 .w-grid-item{width:50%}#us_grid_1 .w-grid-item.size_2x1,#us_grid_1 .w-grid-item.size_2x2{width:100%}}@media (max-width:599px){#us_grid_1 .w-grid-list{margin:0}#us_grid_1 .w-grid-item{width:100%;padding:0;margin-bottom:1.5rem}}<\/style><style>.layout_portfolio_7 .w-grid-item-h:before{padding-bottom:100.0000%}@media (min-width:600px){.layout_portfolio_7 .w-grid-item.size_1x2 .w-grid-item-h:before{padding-bottom:calc(200% + 1.5rem + 1.5rem)}.layout_portfolio_7 .w-grid-item.size_2x1 .w-grid-item-h:before{padding-bottom:calc(50% - 1.5rem * 1)}.layout_portfolio_7 .w-grid-item.size_2x2 .w-grid-item-h:before{padding-bottom:calc(100% - 1.5rem * 0)}}.layout_portfolio_7 .w-grid-item-h{}.layout_portfolio_7 .usg_post_image_1{transition-duration:0.4s;transform-origin:50% 50%;transform:scale(1.1) translate(0,0)}.layout_portfolio_7 .w-grid-item-h:hover .usg_post_image_1{transform:scale(1) translate(0,0);opacity:0.1}.layout_portfolio_7 .usg_post_title_1{transition-duration:0.4s;transform-origin:50% 50%;transform:scale(1) translate(0,-50%);opacity:0}.layout_portfolio_7 .w-grid-item-h:hover .usg_post_title_1{transform:scale(1) translate(0,0);opacity:1}.layout_portfolio_7 .usg_post_taxonomy_1{transition-duration:0.4s;transform-origin:50% 50%;transform:scale(1) translate(0,50%);opacity:0}.layout_portfolio_7 .w-grid-item-h:hover .usg_post_taxonomy_1{transform:scale(1) translate(0,0);opacity:1}.layout_portfolio_7 .usg_html_1{transition-duration:0.4s;transform-origin:50% 50%;transform:scale(1.1) translate(0,0);opacity:0}.layout_portfolio_7 .w-grid-item-h:hover .usg_html_1{transform:scale(1) translate(0,0);opacity:1}.layout_portfolio_7 .usg_post_image_1{position:absolute!important;top:0!important;right:0!important;bottom:0!important;left:0!important}.layout_portfolio_7 .usg_vwrapper_1{position:absolute!important;top:0!important;right:0!important;bottom:0!important;left:0!important;padding:2.6rem!important}.layout_portfolio_7 .usg_post_title_1{color:inherit!important;font-size:1.4rem!important}.layout_portfolio_7 .usg_html_1{position:absolute!important;top:1.3rem!important;right:1.3rem!important;bottom:1.3rem!important;left:1.3rem!important;border-style:solid!important;border-width:2px!important}<\/style><div class=\"w-grid-list\" ><article class=\"w-grid-item size_1x1 post-167 us_portfolio type-us_portfolio status-publish has-post-thumbnail hentry\" data-id=\"167\">\r\n\t<div class=\"w-grid-item-h\">\r\n\t\t\t\t\t<a class=\"w-grid-item-anchor\" href=\"https:\/\/site.equacaocerta.com.br\/isoladas\/cursos\/redacao-semestral\/\" rel=\"bookmark\" aria-label=\"Reda\u00e7\u00e3o Semestral &#8211; Enem e Particulares\"><\/a>\r\n\t\t\t\t<div class=\"w-post-elm post_image usg_post_image_1 stretched\"><img loading=\"lazy\" decoding=\"async\" width=\"1024\" height=\"844\" src=\"https:\/\/site.equacaocerta.com.br\/isoladas\/wp-content\/uploads\/sites\/3\/2021\/01\/19-jan-2018-Cursos-Equa\u00e7\u00e3o-Sec-16-1024x844.jpg\" class=\"attachment-large size-large wp-post-image\" alt=\"\" srcset=\"https:\/\/site.equacaocerta.com.br\/isoladas\/wp-content\/uploads\/sites\/3\/2021\/01\/19-jan-2018-Cursos-Equa\u00e7\u00e3o-Sec-16-1024x844.jpg 1024w, https:\/\/site.equacaocerta.com.br\/isoladas\/wp-content\/uploads\/sites\/3\/2021\/01\/19-jan-2018-Cursos-Equa\u00e7\u00e3o-Sec-16-300x247.jpg 300w, https:\/\/site.equacaocerta.com.br\/isoladas\/wp-content\/uploads\/sites\/3\/2021\/01\/19-jan-2018-Cursos-Equa\u00e7\u00e3o-Sec-16.jpg 1034w\" sizes=\"auto, (max-width: 1024px) 100vw, 1024px\" \/><\/div><div class=\"w-html usg_html_1\"><\/div><div class=\"w-vwrapper usg_vwrapper_1 align_center valign_middle \"><h2 class=\"w-post-elm post_title usg_post_title_1 entry-title has_text_color\">Reda\u00e7\u00e3o Semestral &#8211; Enem e Particulares<\/h2><\/div>\t<\/div>\r\n<\/article>\r\n<article class=\"w-grid-item size_1x1 post-57 us_portfolio type-us_portfolio status-publish has-post-thumbnail hentry\" data-id=\"57\">\r\n\t<div class=\"w-grid-item-h\">\r\n\t\t\t\t\t<a class=\"w-grid-item-anchor\" href=\"https:\/\/site.equacaocerta.com.br\/isoladas\/cursos\/intensivo-enem-matematica\/\" rel=\"bookmark\" aria-label=\"Intensivo Matem\u00e1tica 35+\"><\/a>\r\n\t\t\t\t<div class=\"w-post-elm post_image usg_post_image_1 stretched\"><img loading=\"lazy\" decoding=\"async\" width=\"1024\" height=\"844\" src=\"https:\/\/site.equacaocerta.com.br\/isoladas\/wp-content\/uploads\/sites\/3\/2020\/08\/WhatsApp-Image-2021-07-21-at-10.00.25-1.jpeg\" class=\"attachment-large size-large wp-post-image\" alt=\"\" srcset=\"https:\/\/site.equacaocerta.com.br\/isoladas\/wp-content\/uploads\/sites\/3\/2020\/08\/WhatsApp-Image-2021-07-21-at-10.00.25-1.jpeg 1024w, https:\/\/site.equacaocerta.com.br\/isoladas\/wp-content\/uploads\/sites\/3\/2020\/08\/WhatsApp-Image-2021-07-21-at-10.00.25-1-300x247.jpeg 300w\" sizes=\"auto, (max-width: 1024px) 100vw, 1024px\" \/><\/div><div class=\"w-html usg_html_1\"><\/div><div class=\"w-vwrapper usg_vwrapper_1 align_center valign_middle \"><h2 class=\"w-post-elm post_title usg_post_title_1 entry-title has_text_color\">Intensivo Matem\u00e1tica 35+<\/h2><\/div>\t<\/div>\r\n<\/article>\r\n<article class=\"w-grid-item size_1x1 post-452 us_portfolio type-us_portfolio status-publish has-post-thumbnail hentry\" data-id=\"452\">\r\n\t<div class=\"w-grid-item-h\">\r\n\t\t\t\t\t<a class=\"w-grid-item-anchor\" href=\"https:\/\/site.equacaocerta.com.br\/isoladas\/cursos\/curso-fisica-natureza-35\/\" rel=\"bookmark\" aria-label=\"Curso F\u00edsica &#8211; Natureza 35+\"><\/a>\r\n\t\t\t\t<div class=\"w-post-elm post_image usg_post_image_1 stretched\"><img loading=\"lazy\" decoding=\"async\" width=\"1024\" height=\"844\" src=\"https:\/\/site.equacaocerta.com.br\/isoladas\/wp-content\/uploads\/sites\/3\/2020\/08\/WhatsApp-Image-2021-07-21-at-10.00.26.jpeg\" class=\"attachment-large size-large wp-post-image\" alt=\"\" srcset=\"https:\/\/site.equacaocerta.com.br\/isoladas\/wp-content\/uploads\/sites\/3\/2020\/08\/WhatsApp-Image-2021-07-21-at-10.00.26.jpeg 1024w, https:\/\/site.equacaocerta.com.br\/isoladas\/wp-content\/uploads\/sites\/3\/2020\/08\/WhatsApp-Image-2021-07-21-at-10.00.26-300x247.jpeg 300w\" sizes=\"auto, (max-width: 1024px) 100vw, 1024px\" \/><\/div><div class=\"w-html usg_html_1\"><\/div><div class=\"w-vwrapper usg_vwrapper_1 align_center valign_middle \"><h2 class=\"w-post-elm post_title usg_post_title_1 entry-title has_text_color\">Curso F\u00edsica &#8211; Natureza 35+<\/h2><\/div>\t<\/div>\r\n<\/article>\r\n<article class=\"w-grid-item size_1x1 post-450 us_portfolio type-us_portfolio status-publish has-post-thumbnail hentry\" data-id=\"450\">\r\n\t<div class=\"w-grid-item-h\">\r\n\t\t\t\t\t<a class=\"w-grid-item-anchor\" href=\"https:\/\/site.equacaocerta.com.br\/isoladas\/cursos\/curso-quimica-natureza-35\/\" rel=\"bookmark\" aria-label=\"Curso Qu\u00edmica &#8211; Natureza 35+\"><\/a>\r\n\t\t\t\t<div class=\"w-post-elm post_image usg_post_image_1 stretched\"><img loading=\"lazy\" decoding=\"async\" width=\"1024\" height=\"844\" src=\"https:\/\/site.equacaocerta.com.br\/isoladas\/wp-content\/uploads\/sites\/3\/2020\/08\/WhatsApp-Image-2021-07-21-at-10.00.25.jpeg\" class=\"attachment-large size-large wp-post-image\" alt=\"\" srcset=\"https:\/\/site.equacaocerta.com.br\/isoladas\/wp-content\/uploads\/sites\/3\/2020\/08\/WhatsApp-Image-2021-07-21-at-10.00.25.jpeg 1024w, https:\/\/site.equacaocerta.com.br\/isoladas\/wp-content\/uploads\/sites\/3\/2020\/08\/WhatsApp-Image-2021-07-21-at-10.00.25-300x247.jpeg 300w\" sizes=\"auto, (max-width: 1024px) 100vw, 1024px\" \/><\/div><div class=\"w-html usg_html_1\"><\/div><div class=\"w-vwrapper usg_vwrapper_1 align_center valign_middle \"><h2 class=\"w-post-elm post_title usg_post_title_1 entry-title has_text_color\">Curso Qu\u00edmica &#8211; Natureza 35+<\/h2><\/div>\t<\/div>\r\n<\/article>\r\n<article class=\"w-grid-item size_1x1 post-445 us_portfolio type-us_portfolio status-publish has-post-thumbnail hentry\" data-id=\"445\">\r\n\t<div class=\"w-grid-item-h\">\r\n\t\t\t\t\t<a class=\"w-grid-item-anchor\" href=\"https:\/\/site.equacaocerta.com.br\/isoladas\/cursos\/curso-biologia-natureza-35\/\" rel=\"bookmark\" aria-label=\"Curso Biologia &#8211; Natureza 35+\"><\/a>\r\n\t\t\t\t<div class=\"w-post-elm post_image usg_post_image_1 stretched\"><img loading=\"lazy\" decoding=\"async\" width=\"1024\" height=\"844\" src=\"https:\/\/site.equacaocerta.com.br\/isoladas\/wp-content\/uploads\/sites\/3\/2020\/08\/WhatsApp-Image-2021-07-21-at-10.00.25-2.jpeg\" class=\"attachment-large size-large wp-post-image\" alt=\"\" srcset=\"https:\/\/site.equacaocerta.com.br\/isoladas\/wp-content\/uploads\/sites\/3\/2020\/08\/WhatsApp-Image-2021-07-21-at-10.00.25-2.jpeg 1024w, https:\/\/site.equacaocerta.com.br\/isoladas\/wp-content\/uploads\/sites\/3\/2020\/08\/WhatsApp-Image-2021-07-21-at-10.00.25-2-300x247.jpeg 300w\" sizes=\"auto, (max-width: 1024px) 100vw, 1024px\" \/><\/div><div class=\"w-html usg_html_1\"><\/div><div class=\"w-vwrapper usg_vwrapper_1 align_center valign_middle \"><h2 class=\"w-post-elm post_title usg_post_title_1 entry-title has_text_color\">Curso Biologia &#8211; Natureza 35+<\/h2><\/div>\t<\/div>\r\n<\/article>\r\n<\/div><div class=\"w-grid-preloader\"><div class=\"g-preloader type_1\">\r\n\t<div><\/div>\r\n<\/div>\r\n<\/div>\t<div class=\"w-grid-json hidden\" onclick='return {&quot;action&quot;:&quot;us_ajax_grid&quot;,&quot;ajax_url&quot;:&quot;https:\\\/\\\/site.equacaocerta.com.br\\\/isoladas\\\/wp-admin\\\/admin-ajax.php&quot;,&quot;infinite_scroll&quot;:0,&quot;max_num_pages&quot;:1,&quot;pagination&quot;:&quot;none&quot;,&quot;permalink_url&quot;:&quot;https:\\\/\\\/site.equacaocerta.com.br\\\/isoladas\\\/wp-json\\\/wp\\\/v2\\\/pages\\\/15&quot;,&quot;template_vars&quot;:{&quot;columns&quot;:&quot;3&quot;,&quot;exclude_items&quot;:&quot;none&quot;,&quot;img_size&quot;:&quot;default&quot;,&quot;items_layout&quot;:&quot;portfolio_7&quot;,&quot;items_offset&quot;:&quot;1&quot;,&quot;overriding_link&quot;:&quot;post&quot;,&quot;post_id&quot;:15,&quot;query_args&quot;:{&quot;post_type&quot;:[&quot;us_portfolio&quot;],&quot;post_status&quot;:[&quot;publish&quot;],&quot;orderby&quot;:{&quot;date&quot;:&quot;DESC&quot;},&quot;posts_per_page&quot;:&quot;9&quot;},&quot;type&quot;:&quot;grid&quot;,&quot;us_grid_ajax_index&quot;:1,&quot;us_grid_filter_params&quot;:null,&quot;us_grid_index&quot;:1,&quot;_us_grid_post_type&quot;:&quot;us_portfolio&quot;}}'><\/div>\r\n<\/div><div class=\"w-separator size_medium\"><\/div><div class=\"g-cols wpb_row  type_default valign_top vc_inner\"><div class=\"vc_col-sm-4 wpb_column vc_column_container\"><div class=\"vc_column-inner\"><div class=\"wpb_wrapper\"><\/div><\/div><\/div><div class=\"vc_col-sm-4 wpb_column vc_column_container\"><div class=\"vc_column-inner\"><div class=\"wpb_wrapper\"><div class=\"w-btn-wrapper width_full\"><a class=\"w-btn us-btn-style_1\" href=\"https:\/\/site.equacaocerta.com.br\/isoladas\/cursos\/\"><span class=\"w-btn-label\">Veja todos os cursos<\/span><\/a><\/div><\/div><\/div><\/div><div class=\"vc_col-sm-4 wpb_column vc_column_container\"><div class=\"vc_column-inner\"><div class=\"wpb_wrapper\"><\/div><\/div><\/div><\/div><\/div><\/div><\/div><\/div><\/div><\/section><section class=\"l-section wpb_row height_medium color_primary with_img with_overlay with_shape\"><div class=\"l-section-img\" style=\"background-image: url(https:\/\/site.equacaocerta.com.br\/isoladas\/wp-content\/uploads\/sites\/3\/2020\/08\/INTERIOR-2.jpg);\" data-img-width=\"1000\" data-img-height=\"667\"><\/div><div class=\"l-section-overlay\" style=\"background: rgba(0,90,154,0.90)\"><\/div><div class=\"l-section-shape type_triangle pos_bottom\" style=\"color:#ffc72a;height:6vh;\"><svg xmlns=\"http:\/\/www.w3.org\/2000\/svg\" viewBox=\"0 0 64 8\" preserveAspectRatio=\"none\" width=\"100%\" height=\"100%\">\r\n\t<path fill=\"currentColor\" d=\"M64 8 L0 8 L0 0 L32 7.9 L64 0 Z\"\/>\r\n<\/svg><\/div><div class=\"l-section-h i-cf\"><div class=\"g-cols vc_row type_default valign_top\"><div class=\"vc_col-sm-12 wpb_column vc_column_container\"><div class=\"vc_column-inner\"><div class=\"wpb_wrapper\"><div class=\"wpb_text_column\" ><div class=\"wpb_wrapper\"><\/h1>\n<h1 style=\"text-align: center;\">Por que o Equa\u00e7\u00e3o Certa?<\/h1>\n<\/div><\/div><div class=\"w-separator size_small with_line width_default thick_1 style_solid color_border align_center\"><div class=\"w-separator-h\"><\/div><\/div><div class=\"g-cols wpb_row  type_default valign_top vc_inner\"><div class=\"vc_col-sm-1\/5 wpb_column vc_column_container\"><div class=\"vc_column-inner\"><div class=\"wpb_wrapper\"><div class=\"wpb_text_column\" ><div class=\"wpb_wrapper\"><h1 style=\"text-align: center;\">1\u00ba LUGAR MEDICINA<\/h1>\n<\/div><\/div><div class=\"wpb_text_column us_custom_be640a57 has_text_color\" ><div class=\"wpb_wrapper\"><p style=\"text-align: center;\"><strong>UFPI 2020.1\u00a0 \u00a0 \u00a0<\/strong><strong>Campus Teresina<\/strong><\/p>\n<\/div><\/div><\/div><\/div><\/div><div class=\"vc_col-sm-1\/5 wpb_column vc_column_container\"><div class=\"vc_column-inner\"><div class=\"wpb_wrapper\"><div class=\"wpb_text_column\" ><div class=\"wpb_wrapper\"><h1 style=\"text-align: center;\">1\u00ba LUGAR MEDICINA<\/h1>\n<\/div><\/div><div class=\"wpb_text_column us_custom_be640a57 has_text_color\" ><div class=\"wpb_wrapper\"><p style=\"text-align: center;\"><strong>UESPI 2020.2 Campus Picos e Parna\u00edba<\/strong><\/p>\n<\/div><\/div><\/div><\/div><\/div><div class=\"vc_col-sm-1\/5 wpb_column vc_column_container\"><div class=\"vc_column-inner\"><div class=\"wpb_wrapper\"><div class=\"wpb_text_column\" ><div class=\"wpb_wrapper\"><h1 style=\"text-align: center;\">1\u00ba LUGAR MEDICINA<\/h1>\n<\/div><\/div><div class=\"wpb_text_column us_custom_be640a57 has_text_color\" ><div class=\"wpb_wrapper\"><p style=\"text-align: center;\"><strong>UESPI 2021.2<\/strong><\/p>\n<\/div><\/div><\/div><\/div><\/div><div class=\"vc_col-sm-1\/5 wpb_column vc_column_container\"><div class=\"vc_column-inner\"><div class=\"wpb_wrapper\"><div class=\"wpb_text_column\" ><div class=\"wpb_wrapper\"><h1 style=\"text-align: center;\">1\u00ba LUGAR MEDICINA<\/h1>\n<\/div><\/div><div class=\"wpb_text_column us_custom_be640a57 has_text_color\" ><div class=\"wpb_wrapper\"><p style=\"text-align: center;\"><strong>FACID 4X\u00a0<\/strong><b>Consecutivas<\/b><\/p>\n<\/div><\/div><\/div><\/div><\/div><div class=\"vc_col-sm-1\/5 wpb_column vc_column_container\"><div class=\"vc_column-inner\"><div class=\"wpb_wrapper\"><div class=\"wpb_text_column\" ><div class=\"wpb_wrapper\"><h1 style=\"text-align: center;\">1\u00ba LUGAR MEDICINA<\/h1>\n<\/div><\/div><div class=\"wpb_text_column us_custom_be640a57 has_text_color\" ><div class=\"wpb_wrapper\"><p style=\"text-align: center;\"><strong>UNINOVAFAPI 2X Consecutivas<\/strong><\/p>\n<\/div><\/div><\/div><\/div><\/div><\/div><\/div><\/div><\/div><\/div><\/div><\/section><!-- Row Backgrounds --><div class=\"upb_color\" data-bg-override=\"0\" data-bg-color=\"#333333\" data-fadeout=\"\" data-fadeout-percentage=\"30\" data-parallax-content=\"\" data-parallax-content-sense=\"30\" data-row-effect-mobile-disable=\"true\" data-img-parallax-mobile-disable=\"true\" data-rtl=\"false\"  data-custom-vc-row=\"\"  data-vc=\"6.2.0\"  data-is_old_vc=\"\"  data-theme-support=\"\"   data-overlay=\"false\" data-overlay-color=\"\" data-overlay-pattern=\"\" data-overlay-pattern-opacity=\"\" data-overlay-pattern-size=\"\"    ><\/div><!-- Row Backgrounds --><div class=\"upb_color\" data-bg-override=\"0\" data-bg-color=\"#ffc72a\" data-fadeout=\"\" data-fadeout-percentage=\"30\" data-parallax-content=\"\" data-parallax-content-sense=\"30\" data-row-effect-mobile-disable=\"true\" data-img-parallax-mobile-disable=\"true\" data-rtl=\"false\"  data-custom-vc-row=\"\"  data-vc=\"6.2.0\"  data-is_old_vc=\"\"  data-theme-support=\"\"   data-overlay=\"false\" data-overlay-color=\"\" data-overlay-pattern=\"\" data-overlay-pattern-opacity=\"\" data-overlay-pattern-size=\"\"    ><\/div><section class=\"l-section wpb_row height_medium\"><div class=\"l-section-h i-cf\"><div class=\"g-cols vc_row type_default valign_top\"><div class=\"vc_col-sm-12 wpb_column vc_column_container\"><div class=\"vc_column-inner\"><div class=\"wpb_wrapper\"><div class=\"wpb_text_column\" ><div class=\"wpb_wrapper\"><\/div><\/div><\/div><\/div><\/div><\/div><\/div><\/section>\n","protected":false},"excerpt":{"rendered":"O curso Turma espec\u00edfica para alunos que pretendem fazer ENEM, contemplando de forma intensiva todo o conte\u00fado program\u00e1tico de Biologia previsto no edital do exame com foco em resolu\u00e7\u00e3o de quest\u00f5es. Durante o curso, o professor ir\u00e1 apresentar os racioc\u00ednios e estrat\u00e9gias para possibilitar que o aluno acerte 35 ou mais quest\u00f5es de natureza do...","protected":false},"author":1,"featured_media":0,"parent":0,"menu_order":0,"comment_status":"closed","ping_status":"closed","template":"","meta":{"footnotes":""},"class_list":["post-15","page","type-page","status-publish","hentry"],"_links":{"self":[{"href":"https:\/\/site.equacaocerta.com.br\/isoladas\/wp-json\/wp\/v2\/pages\/15","targetHints":{"allow":["GET"]}}],"collection":[{"href":"https:\/\/site.equacaocerta.com.br\/isoladas\/wp-json\/wp\/v2\/pages"}],"about":[{"href":"https:\/\/site.equacaocerta.com.br\/isoladas\/wp-json\/wp\/v2\/types\/page"}],"author":[{"embeddable":true,"href":"https:\/\/site.equacaocerta.com.br\/isoladas\/wp-json\/wp\/v2\/users\/1"}],"replies":[{"embeddable":true,"href":"https:\/\/site.equacaocerta.com.br\/isoladas\/wp-json\/wp\/v2\/comments?post=15"}],"version-history":[{"count":61,"href":"https:\/\/site.equacaocerta.com.br\/isoladas\/wp-json\/wp\/v2\/pages\/15\/revisions"}],"predecessor-version":[{"id":1068,"href":"https:\/\/site.equacaocerta.com.br\/isoladas\/wp-json\/wp\/v2\/pages\/15\/revisions\/1068"}],"wp:attachment":[{"href":"https:\/\/site.equacaocerta.com.br\/isoladas\/wp-json\/wp\/v2\/media?parent=15"}],"curies":[{"name":"wp","href":"https:\/\/api.w.org\/{rel}","templated":true}]}}